{"id":1062,"date":"2022-01-09T15:41:13","date_gmt":"2022-01-09T14:41:13","guid":{"rendered":"https:\/\/tartichon.fr\/?page_id=1062"},"modified":"2022-01-09T15:41:13","modified_gmt":"2022-01-09T14:41:13","slug":"conditions-generales-de-vente","status":"publish","type":"page","link":"https:\/\/tartichon.fr\/index.php\/conditions-generales-de-vente\/","title":{"rendered":"Conditions g\u00e9n\u00e9rales de Vente"},"content":{"rendered":"\n<h2 class=\"wp-block-heading\"><strong>CONDITIONS GENERALES DE VENTE<\/strong><\/h2>\n\n\n\n<h2 class=\"wp-block-heading\">Applicables \u00e0 compter du 09\/01\/2022<\/h2>\n\n\n\n<h2 class=\"wp-block-heading\">Clause n\u00b0 1 : Objet et champ d&rsquo;application<\/h2>\n\n\n\n<p>Les pr\u00e9sentes conditions g\u00e9n\u00e9rales de vente (CGV) constituent le socle de la n\u00e9gociation commerciale et sont syst\u00e9matiquement adress\u00e9es ou remises \u00e0 chaque acheteur pour lui permettre de passer commande.<\/p>\n\n\n\n<p>Les conditions g\u00e9n\u00e9rales de vente d\u00e9crites ci-apr\u00e8s d\u00e9taillent les droits et obligations de la soci\u00e9t\u00e9 Tartichon et de son client dans le cadre de la vente des marchandises suivantes :<\/p>\n\n\n\n<ul><li>Bijoux fantaisies en p\u00e2te polym\u00e8re<\/li><li>Boutons en p\u00e2te poymere<\/li><li>Scene en bois flott\u00e9<\/li><li>Fichiers Papercraft<\/li><\/ul>\n\n\n\n<p>Toute acceptation du devis\/bon de commande en ce compris la clause \u00ab Je reconnais avoir pris connaissance et j&rsquo;accepte les conditions g\u00e9n\u00e9rales de vente ci-annex\u00e9es \u00bb implique l&rsquo;adh\u00e9sion sans r\u00e9serve de l&rsquo;acheteur aux pr\u00e9sentes conditions g\u00e9n\u00e9rales de vente.<\/p>\n\n\n\n<h2 class=\"wp-block-heading\">Clause n\u00b0 2 : Prix<\/h2>\n\n\n\n<p>Les prix des marchandises vendues sont ceux en vigueur au jour de la prise de commande. Ils sont libell\u00e9s en euros et calcul\u00e9s TTC.<\/p>\n\n\n\n<p>La soci\u00e9t\u00e9 Tartichon s&rsquo;accorde le droit de modifier ses tarifs \u00e0 tout moment. Toutefois, elle s&rsquo;engage \u00e0 facturer les marchandises command\u00e9es aux prix indiqu\u00e9s lors de l&rsquo;enregistrement de la commande.<\/p>\n\n\n\n<h2 class=\"wp-block-heading\">Clause n\u00b0 3 : Rabais et ristournes<\/h2>\n\n\n\n<p>Les tarifs propos\u00e9s comprennent les rabais et ristournes que la soci\u00e9t\u00e9 Tartichon serait amen\u00e9e \u00e0 octroyer compte tenu de ses r\u00e9sultats ou de la prise en charge par l&rsquo;acheteur de certaines prestations.<\/p>\n\n\n\n<h2 class=\"wp-block-heading\">Clause n\u00b0 4 : Escompte<\/h2>\n\n\n\n<p>Aucun escompte ne sera consenti en cas de paiement anticip\u00e9.<\/p>\n\n\n\n<h2 class=\"wp-block-heading\">Clause n\u00b0 5 : Modalit\u00e9s de paiement<\/h2>\n\n\n\n<p>Vous avez la possibilit\u00e9 de r\u00e9gler vos achats soit:<\/p>\n\n\n\n<p>Par carte Bancaire via Paypal<\/p>\n\n\n\n<p>Si vous ne poss\u00e9dez pas de compte PayPal, et que vous ne souhaitez pas en cr\u00e9er, c\u2019est possible.<\/p>\n\n\n\n<p>Sur la page PayPal, cliquez sur \u00ab&nbsp;Payer sans ouvrir de compte&nbsp;\u00bb, remplissez le formulaire de paiement avec vos coordonn\u00e9es bancaires et postales ( qui ne sont pas enregistr\u00e9es).<\/p>\n\n\n\n<p>En bas de page, dans le paragraphe \u00ab&nbsp;Ouvrir un compte Paypal&nbsp;\u00bb, il suffit juste de cocher la case \u00ab&nbsp;Non merci&nbsp;\u00bb et de cliquer sur \u00ab&nbsp;continuer&nbsp;\u00bb pour finaliser votre paiement.<\/p>\n\n\n\n<p>Un mail de confirmation de paiement vous sera alors envoy\u00e9 (pensez \u00e0 v\u00e9rifier vos courriers ind\u00e9sirables ou spam). N\u2019oubliez pas d\u2019indiquer dans l\u2019encadr\u00e9 \u00ab&nbsp;Instructions pour le vendeur &nbsp;\u00bb le ou les noms des article(s) command\u00e9(s).<\/p>\n\n\n\n<p>Par Paypal.<\/p>\n\n\n\n<p>En suivant les instructions du site. N\u2019oubliez pas d\u2019indiquer dans l\u2019encadr\u00e9 \u00ab&nbsp;Instructions pour le vendeur &nbsp;\u00bb le ou les noms des article(s) command\u00e9(s).<\/p>\n\n\n\n<p>Par ch\u00e8que et en Esp\u00e8ces.<\/p>\n\n\n\n<p><strong>Uniquement p<\/strong><strong>our les commandes remises en mains propres<\/strong>. Dans ce cas pr\u00e9cis, Il convient de contacter la soci\u00e9t\u00e9 Tartichon \u00e0 <a href=\"mailto:tartichon@outlook.com\">tartichon@outlook.com<\/a> en indiquant le nom de l\u2019article d\u00e9sir\u00e9 et de pr\u00e9ciser que la commande sera retir\u00e9e sur place. Nous conviendrons avec vous d\u2019un lieu et d\u2019une date de rdv pour retirer la marchandise&nbsp;.<\/p>\n\n\n\n<h2 class=\"wp-block-heading\">Clause n\u00b0 6 : Retard de paiement<\/h2>\n\n\n\n<p>En cas de d\u00e9faut de paiement total ou partiel des marchandises livr\u00e9es \u00e0 l&rsquo;\u00e9ch\u00e9ance, l&rsquo;acheteur doit verser \u00e0 la soci\u00e9t\u00e9 Tartichon, une p\u00e9nalit\u00e9 de retard \u00e9gale \u00e0 trois fois le taux de l&rsquo;int\u00e9r\u00eat l\u00e9gal.<\/p>\n\n\n\n<p>Le taux de l&rsquo;int\u00e9r\u00eat l\u00e9gal retenu est celui en vigueur au jour de la livraison des marchandises.<\/p>\n\n\n\n<p>A compter du 1er janvier 2015, le taux d&rsquo;int\u00e9r\u00eat l\u00e9gal sera r\u00e9vis\u00e9 tous les 6 mois (Ordonnance n\u00b02014-947 du 20 ao\u00fbt 2014).<\/p>\n\n\n\n<p>Cette p\u00e9nalit\u00e9 est calcul\u00e9e sur le montant TTC de la somme restant due, et court \u00e0 compter de la date d&rsquo;\u00e9ch\u00e9ance du prix sans qu&rsquo;aucune mise en demeure pr\u00e9alable ne soit n\u00e9cessaire.<\/p>\n\n\n\n<p>En sus des indemnit\u00e9s de retard, toute somme, y compris l\u2019acompte, non pay\u00e9e \u00e0 sa date d\u2019exigibilit\u00e9 produira de plein droit le paiement d\u2019une indemnit\u00e9 forfaitaire de 40 euros due au titre des frais de recouvrement.<\/p>\n\n\n\n<p>Articles 441-10 et D. 441-5 du code de commerce.<\/p>\n\n\n\n<h2 class=\"wp-block-heading\">Clause n\u00b0 7 : Clause r\u00e9solutoire<\/h2>\n\n\n\n<p>Si dans les quinze jours qui suivent la mise en oeuvre de la clause \u00ab\u00a0Retard de paiement\u00a0\u00bb, l&rsquo;acheteur ne s&rsquo;est pas acquitt\u00e9 des sommes restant dues, la vente sera r\u00e9solue de plein droit et pourra ouvrir droit \u00e0 l&rsquo;allocation de dommages et int\u00e9r\u00eats au profit de la soci\u00e9t\u00e9 Tartichon.<\/p>\n\n\n\n<h2 class=\"wp-block-heading\">Clause n\u00b0 8 : Clause de r\u00e9serve de propri\u00e9t\u00e9<\/h2>\n\n\n\n<p>La soci\u00e9t\u00e9 Tartichon conserve la propri\u00e9t\u00e9 des biens vendus jusqu&rsquo;au paiement int\u00e9gral du prix, en principal et en accessoires. \u00c0 ce titre, si l&rsquo;acheteur fait l&rsquo;objet d&rsquo;un redressement ou d&rsquo;une liquidation judiciaire, la soci\u00e9t\u00e9 Tartichon se r\u00e9serve le droit de revendiquer, dans le cadre de la proc\u00e9dure collective, les marchandises vendues et rest\u00e9es impay\u00e9es.<\/p>\n\n\n\n<h2 class=\"wp-block-heading\">Clause n\u00b0 9 : Livraison<\/h2>\n\n\n\n<p>Les frais de livraison sont indiqu\u00e9s lors de la prise de commande, avant la finalisation et le r\u00e8glement.Ces frais sont calcul\u00e9s selon la zone g\u00e9ographique de livraison, le poids et volume total de votre commande.<\/p>\n\n\n\n<p>\u200bLes frais de port sont calcul\u00e9s en fonction des tarifs postaux en vigueur et du co\u00fbt d\u2019emballage et de conditionnement. https:\/\/www.laposte.fr\/<\/p>\n\n\n\n<p>Les d\u00e9lais de livraison de votre commande peuvent varier en fonction de votre localit\u00e9, du mode de paiement et du mode d\u2019exp\u00e9dition choisis.<\/p>\n\n\n\n<p>\u200bLes objets r\u00e9alis\u00e9s sur commandes devront bien sur prendre en compte le temps de r\u00e9alisation.<\/p>\n\n\n\n<p>D\u00e9lais d\u2019acheminement assur\u00e9s par les services de La Poste (Lettre Suivie, Colissimo, Lettre Suivie Internationale, Colissimo International)&nbsp;: entre 2 et 14 jours.<\/p>\n\n\n\n<p>\u200bLe choix du mode d\u2019acheminement de votre commande peut varier selon la quantit\u00e9 d\u2019articles de votre commande, le poids et les dimensions de votre colis.<\/p>\n\n\n\n<p>\u200bLes articles sont livr\u00e9s \u00e0 l\u2019adresse indiqu\u00e9e par l\u2019acheteur lors de la commande (adresse personnelle ou adresse diff\u00e9rente s\u2019il s\u2019agit d\u2019un cadeau).<\/p>\n\n\n\n<h2 class=\"wp-block-heading\">Clause n\u00b0 10 : Force majeure<\/h2>\n\n\n\n<p>La responsabilit\u00e9 de la soci\u00e9t\u00e9 Tartichon ne pourra pas \u00eatre mise en oeuvre si la non-ex\u00e9cution ou le retard dans l&rsquo;ex\u00e9cution de l&rsquo;une de ses obligations d\u00e9crites dans les pr\u00e9sentes conditions g\u00e9n\u00e9rales de vente d\u00e9coule d&rsquo;un cas de force majeure. \u00c0 ce titre, la force majeure s&rsquo;entend de tout \u00e9v\u00e9nement ext\u00e9rieur, impr\u00e9visible et irr\u00e9sistible au sens de l&rsquo;article 1148 du Code civil.<\/p>\n\n\n\n<h2 class=\"wp-block-heading\">Clause n\u00b0 11 : Tribunal comp\u00e9tent<\/h2>\n\n\n\n<p>Tout litige relatif \u00e0 l&rsquo;interpr\u00e9tation et \u00e0 l&rsquo;ex\u00e9cution des pr\u00e9sentes conditions g\u00e9n\u00e9rales de vente est soumis au droit fran\u00e7ais.<\/p>\n\n\n\n<p>\u00c0 d\u00e9faut de r\u00e9solution amiable, le litige sera port\u00e9 devant le Tribunal de commerce&nbsp;: Cit\u00e9 Judiciaire 7 rue Pierre Ab\u00e9lard CS 43124 35031 RENNES CEDEX<\/p>\n\n\n\n<p>Fait \u00e0 La Chapelle Thouarault, le 09\/01\/2022<br><br><br><\/p>\n","protected":false},"excerpt":{"rendered":"<p>CONDITIONS GENERALES DE VENTE Applicables \u00e0 compter du 09\/01\/2022 Clause n\u00b0 1 : Objet et champ d&rsquo;application Les pr\u00e9sentes conditions g\u00e9n\u00e9rales de vente (CGV) constituent le socle de la n\u00e9gociation commerciale et sont syst\u00e9matiquement adress\u00e9es ou remises \u00e0 chaque acheteur pour lui permettre de passer commande. Les conditions g\u00e9n\u00e9rales de vente d\u00e9crites ci-apr\u00e8s d\u00e9taillent les &hellip; <\/p>\n<p class=\"link-more\"><a href=\"https:\/\/tartichon.fr\/index.php\/conditions-generales-de-vente\/\" class=\"more-link\">Continuer la lecture<span class=\"screen-reader-text\"> de &laquo;&nbsp;Conditions g\u00e9n\u00e9rales de Vente&nbsp;&raquo;<\/span><\/a><\/p>\n","protected":false},"author":1,"featured_media":0,"parent":0,"menu_order":0,"comment_status":"closed","ping_status":"closed","template":"","meta":{"inline_featured_image":false,"footnotes":""},"yoast_head":"<!-- This site is optimized with the Yoast SEO plugin v22.2 - https:\/\/yoast.com\/wordpress\/plugins\/seo\/ -->\n<title>Conditions g\u00e9n\u00e9rales de Vente - Tartichon<\/title>\n<meta name=\"robots\" content=\"index, follow, max-snippet:-1, max-image-preview:large, max-video-preview:-1\" \/>\n<link rel=\"canonical\" href=\"https:\/\/tartichon.fr\/index.php\/conditions-generales-de-vente\/\" \/>\n<meta property=\"og:locale\" content=\"fr_FR\" \/>\n<meta property=\"og:type\" content=\"article\" \/>\n<meta property=\"og:title\" content=\"Conditions g\u00e9n\u00e9rales de Vente - Tartichon\" \/>\n<meta property=\"og:description\" content=\"CONDITIONS GENERALES DE VENTE Applicables \u00e0 compter du 09\/01\/2022 Clause n\u00b0 1 : Objet et champ d&rsquo;application Les pr\u00e9sentes conditions g\u00e9n\u00e9rales de vente (CGV) constituent le socle de la n\u00e9gociation commerciale et sont syst\u00e9matiquement adress\u00e9es ou remises \u00e0 chaque acheteur pour lui permettre de passer commande. Les conditions g\u00e9n\u00e9rales de vente d\u00e9crites ci-apr\u00e8s d\u00e9taillent les &hellip; Continuer la lecture de &laquo;&nbsp;Conditions g\u00e9n\u00e9rales de Vente&nbsp;&raquo;\" \/>\n<meta property=\"og:url\" content=\"https:\/\/tartichon.fr\/index.php\/conditions-generales-de-vente\/\" \/>\n<meta property=\"og:site_name\" content=\"Tartichon\" \/>\n<meta name=\"twitter:card\" content=\"summary_large_image\" \/>\n<meta name=\"twitter:label1\" content=\"Dur\u00e9e de lecture estim\u00e9e\" \/>\n\t<meta name=\"twitter:data1\" content=\"6 minutes\" \/>\n<script type=\"application\/ld+json\" class=\"yoast-schema-graph\">{\"@context\":\"https:\/\/schema.org\",\"@graph\":[{\"@type\":\"WebPage\",\"@id\":\"https:\/\/tartichon.fr\/index.php\/conditions-generales-de-vente\/\",\"url\":\"https:\/\/tartichon.fr\/index.php\/conditions-generales-de-vente\/\",\"name\":\"Conditions g\u00e9n\u00e9rales de Vente - Tartichon\",\"isPartOf\":{\"@id\":\"https:\/\/tartichon.fr\/#website\"},\"datePublished\":\"2022-01-09T14:41:13+00:00\",\"dateModified\":\"2022-01-09T14:41:13+00:00\",\"breadcrumb\":{\"@id\":\"https:\/\/tartichon.fr\/index.php\/conditions-generales-de-vente\/#breadcrumb\"},\"inLanguage\":\"fr-FR\",\"potentialAction\":[{\"@type\":\"ReadAction\",\"target\":[\"https:\/\/tartichon.fr\/index.php\/conditions-generales-de-vente\/\"]}]},{\"@type\":\"BreadcrumbList\",\"@id\":\"https:\/\/tartichon.fr\/index.php\/conditions-generales-de-vente\/#breadcrumb\",\"itemListElement\":[{\"@type\":\"ListItem\",\"position\":1,\"name\":\"Accueil\",\"item\":\"https:\/\/tartichon.fr\/\"},{\"@type\":\"ListItem\",\"position\":2,\"name\":\"Conditions g\u00e9n\u00e9rales de Vente\"}]},{\"@type\":\"WebSite\",\"@id\":\"https:\/\/tartichon.fr\/#website\",\"url\":\"https:\/\/tartichon.fr\/\",\"name\":\"Tartichon\",\"description\":\"Bijoux et Objets de d\u00e9coration\",\"publisher\":{\"@id\":\"https:\/\/tartichon.fr\/#organization\"},\"potentialAction\":[{\"@type\":\"SearchAction\",\"target\":{\"@type\":\"EntryPoint\",\"urlTemplate\":\"https:\/\/tartichon.fr\/?s={search_term_string}\"},\"query-input\":\"required name=search_term_string\"}],\"inLanguage\":\"fr-FR\"},{\"@type\":\"Organization\",\"@id\":\"https:\/\/tartichon.fr\/#organization\",\"name\":\"Tartichon\",\"url\":\"https:\/\/tartichon.fr\/\",\"logo\":{\"@type\":\"ImageObject\",\"inLanguage\":\"fr-FR\",\"@id\":\"https:\/\/tartichon.fr\/#\/schema\/logo\/image\/\",\"url\":\"https:\/\/tartichon.fr\/wp-content\/uploads\/2018\/11\/Logofinal2SP.svg\",\"contentUrl\":\"https:\/\/tartichon.fr\/wp-content\/uploads\/2018\/11\/Logofinal2SP.svg\",\"caption\":\"Tartichon\"},\"image\":{\"@id\":\"https:\/\/tartichon.fr\/#\/schema\/logo\/image\/\"}}]}<\/script>\n<!-- \/ Yoast SEO plugin. -->","yoast_head_json":{"title":"Conditions g\u00e9n\u00e9rales de Vente - Tartichon","robots":{"index":"index","follow":"follow","max-snippet":"max-snippet:-1","max-image-preview":"max-image-preview:large","max-video-preview":"max-video-preview:-1"},"canonical":"https:\/\/tartichon.fr\/index.php\/conditions-generales-de-vente\/","og_locale":"fr_FR","og_type":"article","og_title":"Conditions g\u00e9n\u00e9rales de Vente - Tartichon","og_description":"CONDITIONS GENERALES DE VENTE Applicables \u00e0 compter du 09\/01\/2022 Clause n\u00b0 1 : Objet et champ d&rsquo;application Les pr\u00e9sentes conditions g\u00e9n\u00e9rales de vente (CGV) constituent le socle de la n\u00e9gociation commerciale et sont syst\u00e9matiquement adress\u00e9es ou remises \u00e0 chaque acheteur pour lui permettre de passer commande. Les conditions g\u00e9n\u00e9rales de vente d\u00e9crites ci-apr\u00e8s d\u00e9taillent les &hellip; Continuer la lecture de &laquo;&nbsp;Conditions g\u00e9n\u00e9rales de Vente&nbsp;&raquo;","og_url":"https:\/\/tartichon.fr\/index.php\/conditions-generales-de-vente\/","og_site_name":"Tartichon","twitter_card":"summary_large_image","twitter_misc":{"Dur\u00e9e de lecture estim\u00e9e":"6 minutes"},"schema":{"@context":"https:\/\/schema.org","@graph":[{"@type":"WebPage","@id":"https:\/\/tartichon.fr\/index.php\/conditions-generales-de-vente\/","url":"https:\/\/tartichon.fr\/index.php\/conditions-generales-de-vente\/","name":"Conditions g\u00e9n\u00e9rales de Vente - Tartichon","isPartOf":{"@id":"https:\/\/tartichon.fr\/#website"},"datePublished":"2022-01-09T14:41:13+00:00","dateModified":"2022-01-09T14:41:13+00:00","breadcrumb":{"@id":"https:\/\/tartichon.fr\/index.php\/conditions-generales-de-vente\/#breadcrumb"},"inLanguage":"fr-FR","potentialAction":[{"@type":"ReadAction","target":["https:\/\/tartichon.fr\/index.php\/conditions-generales-de-vente\/"]}]},{"@type":"BreadcrumbList","@id":"https:\/\/tartichon.fr\/index.php\/conditions-generales-de-vente\/#breadcrumb","itemListElement":[{"@type":"ListItem","position":1,"name":"Accueil","item":"https:\/\/tartichon.fr\/"},{"@type":"ListItem","position":2,"name":"Conditions g\u00e9n\u00e9rales de Vente"}]},{"@type":"WebSite","@id":"https:\/\/tartichon.fr\/#website","url":"https:\/\/tartichon.fr\/","name":"Tartichon","description":"Bijoux et Objets de d\u00e9coration","publisher":{"@id":"https:\/\/tartichon.fr\/#organization"},"potentialAction":[{"@type":"SearchAction","target":{"@type":"EntryPoint","urlTemplate":"https:\/\/tartichon.fr\/?s={search_term_string}"},"query-input":"required name=search_term_string"}],"inLanguage":"fr-FR"},{"@type":"Organization","@id":"https:\/\/tartichon.fr\/#organization","name":"Tartichon","url":"https:\/\/tartichon.fr\/","logo":{"@type":"ImageObject","inLanguage":"fr-FR","@id":"https:\/\/tartichon.fr\/#\/schema\/logo\/image\/","url":"https:\/\/tartichon.fr\/wp-content\/uploads\/2018\/11\/Logofinal2SP.svg","contentUrl":"https:\/\/tartichon.fr\/wp-content\/uploads\/2018\/11\/Logofinal2SP.svg","caption":"Tartichon"},"image":{"@id":"https:\/\/tartichon.fr\/#\/schema\/logo\/image\/"}}]}},"_links":{"self":[{"href":"https:\/\/tartichon.fr\/index.php\/wp-json\/wp\/v2\/pages\/1062"}],"collection":[{"href":"https:\/\/tartichon.fr\/index.php\/wp-json\/wp\/v2\/pages"}],"about":[{"href":"https:\/\/tartichon.fr\/index.php\/wp-json\/wp\/v2\/types\/page"}],"author":[{"embeddable":true,"href":"https:\/\/tartichon.fr\/index.php\/wp-json\/wp\/v2\/users\/1"}],"replies":[{"embeddable":true,"href":"https:\/\/tartichon.fr\/index.php\/wp-json\/wp\/v2\/comments?post=1062"}],"version-history":[{"count":1,"href":"https:\/\/tartichon.fr\/index.php\/wp-json\/wp\/v2\/pages\/1062\/revisions"}],"predecessor-version":[{"id":1063,"href":"https:\/\/tartichon.fr\/index.php\/wp-json\/wp\/v2\/pages\/1062\/revisions\/1063"}],"wp:attachment":[{"href":"https:\/\/tartichon.fr\/index.php\/wp-json\/wp\/v2\/media?parent=1062"}],"curies":[{"name":"wp","href":"https:\/\/api.w.org\/{rel}","templated":true}]}}