{"id":21,"date":"2018-10-31T17:36:12","date_gmt":"2018-10-31T16:36:12","guid":{"rendered":"http:\/\/tartichon.fr\/?page_id=21"},"modified":"2024-02-14T16:29:37","modified_gmt":"2024-02-14T15:29:37","slug":"accueil","status":"publish","type":"page","link":"https:\/\/tartichon.fr\/","title":{"rendered":"Accueil"},"content":{"rendered":"\n<figure class=\"wp-block-gallery has-nested-images columns-3 is-cropped wp-block-gallery-1 is-layout-flex wp-block-gallery-is-layout-flex\"><\/figure>\n\n\n\n<p class=\"has-drop-cap has-text-align-left\"><\/p>\n\n\n\n<figure class=\"wp-block-gallery has-nested-images columns-3 is-cropped wp-block-gallery-2 is-layout-flex wp-block-gallery-is-layout-flex\">\n<figure class=\"wp-block-image size-full\"><a href=\"https:\/\/tartichon.fr\/wp-content\/uploads\/2018\/12\/image083.jpg\"><img loading=\"lazy\" decoding=\"async\" width=\"600\" height=\"600\" data-id=\"525\" src=\"https:\/\/tartichon.fr\/wp-content\/uploads\/2018\/12\/image083.jpg\" alt=\"\" class=\"wp-image-525\" srcset=\"https:\/\/tartichon.fr\/wp-content\/uploads\/2018\/12\/image083.jpg 600w, https:\/\/tartichon.fr\/wp-content\/uploads\/2018\/12\/image083-300x300.jpg 300w, https:\/\/tartichon.fr\/wp-content\/uploads\/2018\/12\/image083-150x150.jpg 150w, https:\/\/tartichon.fr\/wp-content\/uploads\/2018\/12\/image083-100x100.jpg 100w, https:\/\/tartichon.fr\/wp-content\/uploads\/2018\/12\/image083-250x250.jpg 250w, https:\/\/tartichon.fr\/wp-content\/uploads\/2018\/12\/image083-350x350.jpg 350w\" sizes=\"(max-width: 600px) 100vw, 600px\" \/><\/a><\/figure>\n\n\n\n<figure class=\"wp-block-image size-full\"><a href=\"https:\/\/tartichon.fr\/wp-content\/uploads\/2018\/12\/image017.jpg\"><img loading=\"lazy\" decoding=\"async\" width=\"600\" height=\"600\" data-id=\"520\" src=\"https:\/\/tartichon.fr\/wp-content\/uploads\/2018\/12\/image017.jpg\" alt=\"\" class=\"wp-image-520\" srcset=\"https:\/\/tartichon.fr\/wp-content\/uploads\/2018\/12\/image017.jpg 600w, https:\/\/tartichon.fr\/wp-content\/uploads\/2018\/12\/image017-300x300.jpg 300w, https:\/\/tartichon.fr\/wp-content\/uploads\/2018\/12\/image017-150x150.jpg 150w, https:\/\/tartichon.fr\/wp-content\/uploads\/2018\/12\/image017-100x100.jpg 100w, https:\/\/tartichon.fr\/wp-content\/uploads\/2018\/12\/image017-250x250.jpg 250w, https:\/\/tartichon.fr\/wp-content\/uploads\/2018\/12\/image017-350x350.jpg 350w\" sizes=\"(max-width: 600px) 100vw, 600px\" \/><\/a><\/figure>\n\n\n\n<figure class=\"wp-block-image size-full\"><a href=\"https:\/\/tartichon.fr\/wp-content\/uploads\/2018\/12\/image012.jpg\"><img loading=\"lazy\" decoding=\"async\" width=\"600\" height=\"600\" data-id=\"515\" src=\"https:\/\/tartichon.fr\/wp-content\/uploads\/2018\/12\/image012.jpg\" alt=\"\" class=\"wp-image-515\" srcset=\"https:\/\/tartichon.fr\/wp-content\/uploads\/2018\/12\/image012.jpg 600w, https:\/\/tartichon.fr\/wp-content\/uploads\/2018\/12\/image012-300x300.jpg 300w, https:\/\/tartichon.fr\/wp-content\/uploads\/2018\/12\/image012-150x150.jpg 150w, https:\/\/tartichon.fr\/wp-content\/uploads\/2018\/12\/image012-100x100.jpg 100w, https:\/\/tartichon.fr\/wp-content\/uploads\/2018\/12\/image012-250x250.jpg 250w, https:\/\/tartichon.fr\/wp-content\/uploads\/2018\/12\/image012-350x350.jpg 350w\" sizes=\"(max-width: 600px) 100vw, 600px\" \/><\/a><\/figure>\n<\/figure>\n\n\n\n<p><\/p>\n\n\n\n<p class=\"has-drop-cap\">Tartichon cr\u00e9ations, c\u2019est des objets de d\u00e9corations, faits \u00e0 partir de bois flott\u00e9 et de fil kraft\u00e9. Au vu du type de support utilis\u00e9, ce sont des cr\u00e9ations uniques. Vous pouvez acheter l\u2019une des cr\u00e9ations en bois flott\u00e9 pr\u00e9sente sur le site mais vous pouvez \u00e9galement commander une sc\u00e8ne personnalis\u00e9e. <\/p>\n\n\n\n<p class=\"has-drop-cap\">  Il vous suffit de me contacter via <a href=\"mailto:tartichon@outlook.com\">tartichon@outlook.com<\/a>, ou par le formulaire de contact. Nous conviendrons ensemble du th\u00e8me, des couleurs et de la dimension de la cr\u00e9ation.<\/p>\n\n\n\n<p class=\"has-drop-cap\">Cet \u00e9l\u00e9ment de d\u00e9coration, personnalis\u00e9, sera parfait pour \u00e9gayer un buffet ou une biblioth\u00e8que !<br><br><\/p>\n\n\n\n<figure class=\"wp-block-gallery has-nested-images columns-3 is-cropped wp-block-gallery-3 is-layout-flex wp-block-gallery-is-layout-flex\">\n<figure class=\"wp-block-image size-large\"><a href=\"https:\/\/tartichon.fr\/wp-content\/uploads\/2019\/02\/27336903_10156219350107878_3785978209136381480_n.jpg\"><img loading=\"lazy\" decoding=\"async\" width=\"715\" height=\"960\" data-id=\"611\" src=\"https:\/\/tartichon.fr\/wp-content\/uploads\/2019\/02\/27336903_10156219350107878_3785978209136381480_n.jpg\" alt=\"\" class=\"wp-image-611\" srcset=\"https:\/\/tartichon.fr\/wp-content\/uploads\/2019\/02\/27336903_10156219350107878_3785978209136381480_n.jpg 715w, https:\/\/tartichon.fr\/wp-content\/uploads\/2019\/02\/27336903_10156219350107878_3785978209136381480_n-223x300.jpg 223w, https:\/\/tartichon.fr\/wp-content\/uploads\/2019\/02\/27336903_10156219350107878_3785978209136381480_n-350x470.jpg 350w\" sizes=\"(max-width: 715px) 100vw, 715px\" \/><\/a><\/figure>\n\n\n\n<figure class=\"wp-block-image size-large\"><a href=\"https:\/\/tartichon.fr\/wp-content\/uploads\/2021\/02\/20210205_142353-scaled.jpg\"><img loading=\"lazy\" decoding=\"async\" width=\"1024\" height=\"576\" data-id=\"792\" src=\"https:\/\/tartichon.fr\/wp-content\/uploads\/2021\/02\/20210205_142353-scaled-1024x576.jpg\" alt=\"\" class=\"wp-image-792\" srcset=\"https:\/\/tartichon.fr\/wp-content\/uploads\/2021\/02\/20210205_142353-scaled-1024x576.jpg 1024w, https:\/\/tartichon.fr\/wp-content\/uploads\/2021\/02\/20210205_142353-scaled-300x169.jpg 300w, https:\/\/tartichon.fr\/wp-content\/uploads\/2021\/02\/20210205_142353-scaled-768x432.jpg 768w, https:\/\/tartichon.fr\/wp-content\/uploads\/2021\/02\/20210205_142353-scaled-1536x864.jpg 1536w, https:\/\/tartichon.fr\/wp-content\/uploads\/2021\/02\/20210205_142353-scaled-2048x1152.jpg 2048w, https:\/\/tartichon.fr\/wp-content\/uploads\/2021\/02\/20210205_142353-scaled-350x197.jpg 350w\" sizes=\"(max-width: 706px) 89vw, (max-width: 767px) 82vw, 740px\" \/><\/a><\/figure>\n\n\n\n<figure class=\"wp-block-image size-large\"><a href=\"https:\/\/tartichon.fr\/wp-content\/uploads\/2020\/06\/IMG_0118.jpg\"><img loading=\"lazy\" decoding=\"async\" width=\"640\" height=\"572\" data-id=\"745\" src=\"https:\/\/tartichon.fr\/wp-content\/uploads\/2020\/06\/IMG_0118.jpg\" alt=\"\" class=\"wp-image-745\" srcset=\"https:\/\/tartichon.fr\/wp-content\/uploads\/2020\/06\/IMG_0118.jpg 640w, https:\/\/tartichon.fr\/wp-content\/uploads\/2020\/06\/IMG_0118-300x268.jpg 300w, https:\/\/tartichon.fr\/wp-content\/uploads\/2020\/06\/IMG_0118-350x313.jpg 350w\" sizes=\"(max-width: 640px) 100vw, 640px\" \/><\/a><\/figure>\n<\/figure>\n\n\n\n<p><\/p>\n\n\n\n<p class=\"has-drop-cap\">Habillez \u00e9galement votre int\u00e9rieur gr\u00e2ce aux fichiers Papercraft ! Ces fichiers que je cr\u00e9e,  vous permettront de r\u00e9aliser vous m\u00eames, des structures dites \u00ab\u00a0low poly\u00a0\u00bb en papier. Ces fichiers sont imagin\u00e9s, cr\u00e9es et mod\u00e9lis\u00e9s gr\u00e2ce \u00e0 un logiciel 3D.<\/p>\n\n\n\n<p><\/p>\n\n\n\n<p class=\"has-drop-cap\">On s&rsquo;\u00e9quipe de feuilles, de ciseaux et d&rsquo;un tube de colle et on r\u00e9colte les f\u00e9licitations pour la magnifique pi\u00e8ce r\u00e9alis\u00e9e !<\/p>\n\n\n\n<p class=\"has-drop-cap\"><br><\/p>\n\n\n\n<p class=\"has-drop-cap\">N &lsquo;h\u00e9sitez pas \u00e9galement \u00e0 suivre ma page Facebook : <a href=\"https:\/\/www.facebook.com\/tartichon\/\">https:\/\/www.facebook.com\/tartichon\/<\/a> afin d\u2019\u00eatre averti des toutes derni\u00e8res cr\u00e9ations ! Bonne visite !<br><\/p>\n\n\n\n<p><\/p>\n\n\n\n<p><\/p>\n\n\n\n<p><\/p>\n\n\n\n<p><\/p>\n\n\n\n<p><\/p>\n\n\n\n<p class=\"has-drop-cap\"><\/p>\n\n\n\n<p><\/p>\n\n\n\n<p><\/p>\n\n\n\n<p><\/p>\n\n\n\n<p><\/p>\n\n\n\n<p><\/p>\n\n\n\n<p><\/p>\n","protected":false},"excerpt":{"rendered":"<p>Tartichon cr\u00e9ations, c\u2019est des objets de d\u00e9corations, faits \u00e0 partir de bois flott\u00e9 et de fil kraft\u00e9. Au vu du type de support utilis\u00e9, ce sont des cr\u00e9ations uniques. Vous pouvez acheter l\u2019une des cr\u00e9ations en bois flott\u00e9 pr\u00e9sente sur le site mais vous pouvez \u00e9galement commander une sc\u00e8ne personnalis\u00e9e. Il vous suffit de me &hellip; <\/p>\n<p class=\"link-more\"><a href=\"https:\/\/tartichon.fr\/\" class=\"more-link\">Continuer la lecture<span class=\"screen-reader-text\"> de &laquo;&nbsp;Accueil&nbsp;&raquo;<\/span><\/a><\/p>\n","protected":false},"author":1,"featured_media":0,"parent":0,"menu_order":0,"comment_status":"closed","ping_status":"closed","template":"","meta":{"inline_featured_image":false,"footnotes":""},"yoast_head":"<!-- This site is optimized with the Yoast SEO plugin v22.2 - https:\/\/yoast.com\/wordpress\/plugins\/seo\/ -->\n<title>Accueil - Tartichon<\/title>\n<meta name=\"robots\" content=\"index, follow, max-snippet:-1, max-image-preview:large, max-video-preview:-1\" \/>\n<link rel=\"canonical\" href=\"https:\/\/tartichon.fr\/\" \/>\n<meta property=\"og:locale\" content=\"fr_FR\" \/>\n<meta property=\"og:type\" content=\"article\" \/>\n<meta property=\"og:title\" content=\"Accueil - Tartichon\" \/>\n<meta property=\"og:description\" content=\"Tartichon cr\u00e9ations, c\u2019est des objets de d\u00e9corations, faits \u00e0 partir de bois flott\u00e9 et de fil kraft\u00e9. Au vu du type de support utilis\u00e9, ce sont des cr\u00e9ations uniques. Vous pouvez acheter l\u2019une des cr\u00e9ations en bois flott\u00e9 pr\u00e9sente sur le site mais vous pouvez \u00e9galement commander une sc\u00e8ne personnalis\u00e9e. Il vous suffit de me &hellip; Continuer la lecture de &laquo;&nbsp;Accueil&nbsp;&raquo;\" \/>\n<meta property=\"og:url\" content=\"https:\/\/tartichon.fr\/\" \/>\n<meta property=\"og:site_name\" content=\"Tartichon\" \/>\n<meta property=\"article:modified_time\" content=\"2024-02-14T15:29:37+00:00\" \/>\n<meta property=\"og:image\" content=\"https:\/\/tartichon.fr\/wp-content\/uploads\/2018\/12\/image083.jpg\" \/>\n<meta name=\"twitter:card\" content=\"summary_large_image\" \/>\n<meta name=\"twitter:label1\" content=\"Dur\u00e9e de lecture estim\u00e9e\" \/>\n\t<meta name=\"twitter:data1\" content=\"1 minute\" \/>\n<script type=\"application\/ld+json\" class=\"yoast-schema-graph\">{\"@context\":\"https:\/\/schema.org\",\"@graph\":[{\"@type\":\"WebPage\",\"@id\":\"https:\/\/tartichon.fr\/\",\"url\":\"https:\/\/tartichon.fr\/\",\"name\":\"Accueil - Tartichon\",\"isPartOf\":{\"@id\":\"https:\/\/tartichon.fr\/#website\"},\"primaryImageOfPage\":{\"@id\":\"https:\/\/tartichon.fr\/#primaryimage\"},\"image\":{\"@id\":\"https:\/\/tartichon.fr\/#primaryimage\"},\"thumbnailUrl\":\"https:\/\/tartichon.fr\/wp-content\/uploads\/2018\/12\/image083.jpg\",\"datePublished\":\"2018-10-31T16:36:12+00:00\",\"dateModified\":\"2024-02-14T15:29:37+00:00\",\"breadcrumb\":{\"@id\":\"https:\/\/tartichon.fr\/#breadcrumb\"},\"inLanguage\":\"fr-FR\",\"potentialAction\":[{\"@type\":\"ReadAction\",\"target\":[\"https:\/\/tartichon.fr\/\"]}]},{\"@type\":\"ImageObject\",\"inLanguage\":\"fr-FR\",\"@id\":\"https:\/\/tartichon.fr\/#primaryimage\",\"url\":\"https:\/\/tartichon.fr\/wp-content\/uploads\/2018\/12\/image083.jpg\",\"contentUrl\":\"https:\/\/tartichon.fr\/wp-content\/uploads\/2018\/12\/image083.jpg\"},{\"@type\":\"BreadcrumbList\",\"@id\":\"https:\/\/tartichon.fr\/#breadcrumb\",\"itemListElement\":[{\"@type\":\"ListItem\",\"position\":1,\"name\":\"Accueil\",\"item\":\"https:\/\/tartichon.fr\/\"},{\"@type\":\"ListItem\",\"position\":2,\"name\":\"Accueil\"}]},{\"@type\":\"WebSite\",\"@id\":\"https:\/\/tartichon.fr\/#website\",\"url\":\"https:\/\/tartichon.fr\/\",\"name\":\"Tartichon\",\"description\":\"Bijoux et Objets de d\u00e9coration\",\"publisher\":{\"@id\":\"https:\/\/tartichon.fr\/#organization\"},\"potentialAction\":[{\"@type\":\"SearchAction\",\"target\":{\"@type\":\"EntryPoint\",\"urlTemplate\":\"https:\/\/tartichon.fr\/?s={search_term_string}\"},\"query-input\":\"required name=search_term_string\"}],\"inLanguage\":\"fr-FR\"},{\"@type\":\"Organization\",\"@id\":\"https:\/\/tartichon.fr\/#organization\",\"name\":\"Tartichon\",\"url\":\"https:\/\/tartichon.fr\/\",\"logo\":{\"@type\":\"ImageObject\",\"inLanguage\":\"fr-FR\",\"@id\":\"https:\/\/tartichon.fr\/#\/schema\/logo\/image\/\",\"url\":\"https:\/\/tartichon.fr\/wp-content\/uploads\/2018\/11\/Logofinal2SP.svg\",\"contentUrl\":\"https:\/\/tartichon.fr\/wp-content\/uploads\/2018\/11\/Logofinal2SP.svg\",\"caption\":\"Tartichon\"},\"image\":{\"@id\":\"https:\/\/tartichon.fr\/#\/schema\/logo\/image\/\"}}]}<\/script>\n<!-- \/ Yoast SEO plugin. -->","yoast_head_json":{"title":"Accueil - Tartichon","robots":{"index":"index","follow":"follow","max-snippet":"max-snippet:-1","max-image-preview":"max-image-preview:large","max-video-preview":"max-video-preview:-1"},"canonical":"https:\/\/tartichon.fr\/","og_locale":"fr_FR","og_type":"article","og_title":"Accueil - Tartichon","og_description":"Tartichon cr\u00e9ations, c\u2019est des objets de d\u00e9corations, faits \u00e0 partir de bois flott\u00e9 et de fil kraft\u00e9. Au vu du type de support utilis\u00e9, ce sont des cr\u00e9ations uniques. Vous pouvez acheter l\u2019une des cr\u00e9ations en bois flott\u00e9 pr\u00e9sente sur le site mais vous pouvez \u00e9galement commander une sc\u00e8ne personnalis\u00e9e. Il vous suffit de me &hellip; Continuer la lecture de &laquo;&nbsp;Accueil&nbsp;&raquo;","og_url":"https:\/\/tartichon.fr\/","og_site_name":"Tartichon","article_modified_time":"2024-02-14T15:29:37+00:00","og_image":[{"url":"https:\/\/tartichon.fr\/wp-content\/uploads\/2018\/12\/image083.jpg"}],"twitter_card":"summary_large_image","twitter_misc":{"Dur\u00e9e de lecture estim\u00e9e":"1 minute"},"schema":{"@context":"https:\/\/schema.org","@graph":[{"@type":"WebPage","@id":"https:\/\/tartichon.fr\/","url":"https:\/\/tartichon.fr\/","name":"Accueil - Tartichon","isPartOf":{"@id":"https:\/\/tartichon.fr\/#website"},"primaryImageOfPage":{"@id":"https:\/\/tartichon.fr\/#primaryimage"},"image":{"@id":"https:\/\/tartichon.fr\/#primaryimage"},"thumbnailUrl":"https:\/\/tartichon.fr\/wp-content\/uploads\/2018\/12\/image083.jpg","datePublished":"2018-10-31T16:36:12+00:00","dateModified":"2024-02-14T15:29:37+00:00","breadcrumb":{"@id":"https:\/\/tartichon.fr\/#breadcrumb"},"inLanguage":"fr-FR","potentialAction":[{"@type":"ReadAction","target":["https:\/\/tartichon.fr\/"]}]},{"@type":"ImageObject","inLanguage":"fr-FR","@id":"https:\/\/tartichon.fr\/#primaryimage","url":"https:\/\/tartichon.fr\/wp-content\/uploads\/2018\/12\/image083.jpg","contentUrl":"https:\/\/tartichon.fr\/wp-content\/uploads\/2018\/12\/image083.jpg"},{"@type":"BreadcrumbList","@id":"https:\/\/tartichon.fr\/#breadcrumb","itemListElement":[{"@type":"ListItem","position":1,"name":"Accueil","item":"https:\/\/tartichon.fr\/"},{"@type":"ListItem","position":2,"name":"Accueil"}]},{"@type":"WebSite","@id":"https:\/\/tartichon.fr\/#website","url":"https:\/\/tartichon.fr\/","name":"Tartichon","description":"Bijoux et Objets de d\u00e9coration","publisher":{"@id":"https:\/\/tartichon.fr\/#organization"},"potentialAction":[{"@type":"SearchAction","target":{"@type":"EntryPoint","urlTemplate":"https:\/\/tartichon.fr\/?s={search_term_string}"},"query-input":"required name=search_term_string"}],"inLanguage":"fr-FR"},{"@type":"Organization","@id":"https:\/\/tartichon.fr\/#organization","name":"Tartichon","url":"https:\/\/tartichon.fr\/","logo":{"@type":"ImageObject","inLanguage":"fr-FR","@id":"https:\/\/tartichon.fr\/#\/schema\/logo\/image\/","url":"https:\/\/tartichon.fr\/wp-content\/uploads\/2018\/11\/Logofinal2SP.svg","contentUrl":"https:\/\/tartichon.fr\/wp-content\/uploads\/2018\/11\/Logofinal2SP.svg","caption":"Tartichon"},"image":{"@id":"https:\/\/tartichon.fr\/#\/schema\/logo\/image\/"}}]}},"_links":{"self":[{"href":"https:\/\/tartichon.fr\/index.php\/wp-json\/wp\/v2\/pages\/21"}],"collection":[{"href":"https:\/\/tartichon.fr\/index.php\/wp-json\/wp\/v2\/pages"}],"about":[{"href":"https:\/\/tartichon.fr\/index.php\/wp-json\/wp\/v2\/types\/page"}],"author":[{"embeddable":true,"href":"https:\/\/tartichon.fr\/index.php\/wp-json\/wp\/v2\/users\/1"}],"replies":[{"embeddable":true,"href":"https:\/\/tartichon.fr\/index.php\/wp-json\/wp\/v2\/comments?post=21"}],"version-history":[{"count":28,"href":"https:\/\/tartichon.fr\/index.php\/wp-json\/wp\/v2\/pages\/21\/revisions"}],"predecessor-version":[{"id":1272,"href":"https:\/\/tartichon.fr\/index.php\/wp-json\/wp\/v2\/pages\/21\/revisions\/1272"}],"wp:attachment":[{"href":"https:\/\/tartichon.fr\/index.php\/wp-json\/wp\/v2\/media?parent=21"}],"curies":[{"name":"wp","href":"https:\/\/api.w.org\/{rel}","templated":true}]}}