{"id":22,"date":"2018-10-31T17:36:12","date_gmt":"2018-10-31T16:36:12","guid":{"rendered":"http:\/\/tartichon.fr\/?page_id=22"},"modified":"2018-12-18T15:06:19","modified_gmt":"2018-12-18T14:06:19","slug":"a-propos-de","status":"publish","type":"page","link":"https:\/\/tartichon.fr\/index.php\/a-propos-de\/","title":{"rendered":"\u00c0 propos de"},"content":{"rendered":"\n<h2 class=\"wp-block-heading\">Moyens de paiement accept\u00e9s<br><\/h2>\n\n\n<p style=\"text-align: left;\">Vous avez la possibilit\u00e9 de r\u00e9gler vos achats soit:<\/p>\n<p><u>Par carte Bancaire via Paypal <\/u><\/p>\n<p>Si vous ne poss\u00e9dez pas de compte PayPal, et que vous ne souhaitez pas en cr\u00e9er, c&rsquo;est possible !<\/p>\n<p>Sur la page PayPal, cliquez sur \u00ab\u00a0Payer sans ouvrir de compte\u00a0\u00bb, remplissez le formulaire de paiement avec vos coordonn\u00e9es bancaires et postales ( qui ne sont pas enregistr\u00e9es).<\/p>\n<p>En bas de page, dans le paragraphe \u00ab\u00a0Ouvrir un compte Paypal\u00a0\u00bb, il suffit juste de cocher la case \u00ab\u00a0Non merci\u00a0\u00bb et de cliquer sur \u00ab\u00a0continuer\u00a0\u00bb pour finaliser votre paiement.<\/p>\n<p>Un mail de confirmation de paiement vous sera alors envoy\u00e9 (pensez \u00e0 v\u00e9rifier vos courriers ind\u00e9sirables ou spam). N&rsquo;oubliez pas d&rsquo;indiquer dans l&rsquo;encadr\u00e9 \u00ab\u00a0Instructions pour le vendeur \u00a0\u00bb le ou les noms des article(s) command\u00e9(s).<\/p>\n<p><u>Par Paypal. <\/u><\/p>\n<p>En suivant les instructions du site. N&rsquo;oubliez pas d&rsquo;indiquer dans l&rsquo;encadr\u00e9 \u00ab\u00a0Instructions pour le vendeur \u00a0\u00bb le ou les noms des article(s) command\u00e9(s).<\/p>\n<p><u>Par Ch\u00e8que bancaire. <\/u><\/p>\n<p>Merci de bien vouloir noter au dos du ch\u00e8que, le ou les num\u00e9ros d&rsquo;article(s) command\u00e9(s) et l&rsquo;adresse o\u00f9 exp\u00e9dier votre commande, si diff\u00e9rente de celle indiqu\u00e9e sur le ch\u00e8que. A la r\u00e9ception, de votre ch\u00e8que, votre r\u00e8glement sera encaiss\u00e9 et validera votre commande.<\/p>\n<p><u>En Esp\u00e8ces.<\/u><\/p>\n<p>Pour les commandes remises en mains propres.<\/p>\n\n\n<h2 class=\"wp-block-heading\">En ce qui concerne l&rsquo;exp\u00e9dition de votre commande.<\/h2>\n\n\n\n<p>Les frais de livraison sont indiqu\u00e9s lors de la prise de commande, avant la finalisation et le r\u00e8glement.<\/p>\n\n\n\n<p>Ces frais sont calcul\u00e9s selon la zone g\u00e9ographique de livraison, le poids et volume total de votre commande.<\/p>\n\n\n\n<p>\u200b<\/p>\n\n\n\n<p>Les frais de port sont calcul\u00e9s en fonction des tarifs postaux en vigueur et du co\u00fbt d&#8217;emballage et de conditionnement. https:\/\/www.laposte.fr\/<\/p>\n\n\n\n<p>Les d\u00e9lais de livraison de votre commande peuvent varier en fonction de votre localit\u00e9, du mode de paiement et du mode d\u2019exp\u00e9dition choisis.<\/p>\n\n\n\n<p>\u200b<\/p>\n\n\n\n<p>Les objets r\u00e9alis\u00e9s sur commandes devront bien sur prendre en compte le temps de r\u00e9alisation.<\/p>\n\n\n\n<p>D\u00e9lais d&rsquo;acheminement assur\u00e9s par les services de La Poste (Lettre Suivie, Colissimo, Lettre Suivie Internationale, Colissimo International)\u00a0: entre 2 et 14 jours. <\/p>\n\n\n\n<p>\u200b<\/p>\n\n\n\n<p>Le choix du mode d\u2019acheminement de votre commande peut varier selon la quantit\u00e9 d&rsquo;articles de votre commande, le poids et les dimensions de votre colis. <\/p>\n\n\n\n<p>\u200b<\/p>\n\n\n\n<p>Les articles sont livr\u00e9s \u00e0 l\u2019adresse indiqu\u00e9e par l\u2019acheteur lors de la commande (adresse personnelle ou adresse diff\u00e9rente s\u2019il s\u2019agit d\u2019un cadeau).<\/p>\n\n\n\n<p>\u200b<\/p>\n\n\n\n<p>Merci de votre compr\u00e9hension en cas de retards postaux ind\u00e9pendants de ma volont\u00e9, de perte ou vol durant l&rsquo;acheminement, je ne saurai \u00eatre tenue pour responsable de ce d\u00e9sagr\u00e9ment.<\/p>\n","protected":false},"excerpt":{"rendered":"<p>Moyens de paiement accept\u00e9s Vous avez la possibilit\u00e9 de r\u00e9gler vos achats soit: Par carte Bancaire via Paypal Si vous ne poss\u00e9dez pas de compte PayPal, et que vous ne souhaitez pas en cr\u00e9er, c&rsquo;est possible ! Sur la page PayPal, cliquez sur \u00ab\u00a0Payer sans ouvrir de compte\u00a0\u00bb, remplissez le formulaire de paiement avec vos &hellip; <\/p>\n<p class=\"link-more\"><a href=\"https:\/\/tartichon.fr\/index.php\/a-propos-de\/\" class=\"more-link\">Continuer la lecture<span class=\"screen-reader-text\"> de &laquo;&nbsp;\u00c0 propos de&nbsp;&raquo;<\/span><\/a><\/p>\n","protected":false},"author":1,"featured_media":0,"parent":0,"menu_order":0,"comment_status":"closed","ping_status":"closed","template":"","meta":{"inline_featured_image":false,"footnotes":""},"yoast_head":"<!-- This site is optimized with the Yoast SEO plugin v22.2 - https:\/\/yoast.com\/wordpress\/plugins\/seo\/ -->\n<title>\u00c0 propos de - Tartichon<\/title>\n<meta name=\"robots\" content=\"index, follow, max-snippet:-1, max-image-preview:large, max-video-preview:-1\" \/>\n<link rel=\"canonical\" href=\"https:\/\/tartichon.fr\/index.php\/a-propos-de\/\" \/>\n<meta property=\"og:locale\" content=\"fr_FR\" \/>\n<meta property=\"og:type\" content=\"article\" \/>\n<meta property=\"og:title\" content=\"\u00c0 propos de - Tartichon\" \/>\n<meta property=\"og:description\" content=\"Moyens de paiement accept\u00e9s Vous avez la possibilit\u00e9 de r\u00e9gler vos achats soit: Par carte Bancaire via Paypal Si vous ne poss\u00e9dez pas de compte PayPal, et que vous ne souhaitez pas en cr\u00e9er, c&rsquo;est possible ! Sur la page PayPal, cliquez sur \u00ab\u00a0Payer sans ouvrir de compte\u00a0\u00bb, remplissez le formulaire de paiement avec vos &hellip; Continuer la lecture de &laquo;&nbsp;\u00c0 propos de&nbsp;&raquo;\" \/>\n<meta property=\"og:url\" content=\"https:\/\/tartichon.fr\/index.php\/a-propos-de\/\" \/>\n<meta property=\"og:site_name\" content=\"Tartichon\" \/>\n<meta property=\"article:modified_time\" content=\"2018-12-18T14:06:19+00:00\" \/>\n<meta name=\"twitter:card\" content=\"summary_large_image\" \/>\n<meta name=\"twitter:label1\" content=\"Dur\u00e9e de lecture estim\u00e9e\" \/>\n\t<meta name=\"twitter:data1\" content=\"2 minutes\" \/>\n<script type=\"application\/ld+json\" class=\"yoast-schema-graph\">{\"@context\":\"https:\/\/schema.org\",\"@graph\":[{\"@type\":\"WebPage\",\"@id\":\"https:\/\/tartichon.fr\/index.php\/a-propos-de\/\",\"url\":\"https:\/\/tartichon.fr\/index.php\/a-propos-de\/\",\"name\":\"\u00c0 propos de - Tartichon\",\"isPartOf\":{\"@id\":\"https:\/\/tartichon.fr\/#website\"},\"datePublished\":\"2018-10-31T16:36:12+00:00\",\"dateModified\":\"2018-12-18T14:06:19+00:00\",\"breadcrumb\":{\"@id\":\"https:\/\/tartichon.fr\/index.php\/a-propos-de\/#breadcrumb\"},\"inLanguage\":\"fr-FR\",\"potentialAction\":[{\"@type\":\"ReadAction\",\"target\":[\"https:\/\/tartichon.fr\/index.php\/a-propos-de\/\"]}]},{\"@type\":\"BreadcrumbList\",\"@id\":\"https:\/\/tartichon.fr\/index.php\/a-propos-de\/#breadcrumb\",\"itemListElement\":[{\"@type\":\"ListItem\",\"position\":1,\"name\":\"Accueil\",\"item\":\"https:\/\/tartichon.fr\/\"},{\"@type\":\"ListItem\",\"position\":2,\"name\":\"\u00c0 propos de\"}]},{\"@type\":\"WebSite\",\"@id\":\"https:\/\/tartichon.fr\/#website\",\"url\":\"https:\/\/tartichon.fr\/\",\"name\":\"Tartichon\",\"description\":\"Bijoux et Objets de d\u00e9coration\",\"publisher\":{\"@id\":\"https:\/\/tartichon.fr\/#organization\"},\"potentialAction\":[{\"@type\":\"SearchAction\",\"target\":{\"@type\":\"EntryPoint\",\"urlTemplate\":\"https:\/\/tartichon.fr\/?s={search_term_string}\"},\"query-input\":\"required name=search_term_string\"}],\"inLanguage\":\"fr-FR\"},{\"@type\":\"Organization\",\"@id\":\"https:\/\/tartichon.fr\/#organization\",\"name\":\"Tartichon\",\"url\":\"https:\/\/tartichon.fr\/\",\"logo\":{\"@type\":\"ImageObject\",\"inLanguage\":\"fr-FR\",\"@id\":\"https:\/\/tartichon.fr\/#\/schema\/logo\/image\/\",\"url\":\"https:\/\/tartichon.fr\/wp-content\/uploads\/2018\/11\/Logofinal2SP.svg\",\"contentUrl\":\"https:\/\/tartichon.fr\/wp-content\/uploads\/2018\/11\/Logofinal2SP.svg\",\"caption\":\"Tartichon\"},\"image\":{\"@id\":\"https:\/\/tartichon.fr\/#\/schema\/logo\/image\/\"}}]}<\/script>\n<!-- \/ Yoast SEO plugin. -->","yoast_head_json":{"title":"\u00c0 propos de - Tartichon","robots":{"index":"index","follow":"follow","max-snippet":"max-snippet:-1","max-image-preview":"max-image-preview:large","max-video-preview":"max-video-preview:-1"},"canonical":"https:\/\/tartichon.fr\/index.php\/a-propos-de\/","og_locale":"fr_FR","og_type":"article","og_title":"\u00c0 propos de - Tartichon","og_description":"Moyens de paiement accept\u00e9s Vous avez la possibilit\u00e9 de r\u00e9gler vos achats soit: Par carte Bancaire via Paypal Si vous ne poss\u00e9dez pas de compte PayPal, et que vous ne souhaitez pas en cr\u00e9er, c&rsquo;est possible ! Sur la page PayPal, cliquez sur \u00ab\u00a0Payer sans ouvrir de compte\u00a0\u00bb, remplissez le formulaire de paiement avec vos &hellip; Continuer la lecture de &laquo;&nbsp;\u00c0 propos de&nbsp;&raquo;","og_url":"https:\/\/tartichon.fr\/index.php\/a-propos-de\/","og_site_name":"Tartichon","article_modified_time":"2018-12-18T14:06:19+00:00","twitter_card":"summary_large_image","twitter_misc":{"Dur\u00e9e de lecture estim\u00e9e":"2 minutes"},"schema":{"@context":"https:\/\/schema.org","@graph":[{"@type":"WebPage","@id":"https:\/\/tartichon.fr\/index.php\/a-propos-de\/","url":"https:\/\/tartichon.fr\/index.php\/a-propos-de\/","name":"\u00c0 propos de - Tartichon","isPartOf":{"@id":"https:\/\/tartichon.fr\/#website"},"datePublished":"2018-10-31T16:36:12+00:00","dateModified":"2018-12-18T14:06:19+00:00","breadcrumb":{"@id":"https:\/\/tartichon.fr\/index.php\/a-propos-de\/#breadcrumb"},"inLanguage":"fr-FR","potentialAction":[{"@type":"ReadAction","target":["https:\/\/tartichon.fr\/index.php\/a-propos-de\/"]}]},{"@type":"BreadcrumbList","@id":"https:\/\/tartichon.fr\/index.php\/a-propos-de\/#breadcrumb","itemListElement":[{"@type":"ListItem","position":1,"name":"Accueil","item":"https:\/\/tartichon.fr\/"},{"@type":"ListItem","position":2,"name":"\u00c0 propos de"}]},{"@type":"WebSite","@id":"https:\/\/tartichon.fr\/#website","url":"https:\/\/tartichon.fr\/","name":"Tartichon","description":"Bijoux et Objets de d\u00e9coration","publisher":{"@id":"https:\/\/tartichon.fr\/#organization"},"potentialAction":[{"@type":"SearchAction","target":{"@type":"EntryPoint","urlTemplate":"https:\/\/tartichon.fr\/?s={search_term_string}"},"query-input":"required name=search_term_string"}],"inLanguage":"fr-FR"},{"@type":"Organization","@id":"https:\/\/tartichon.fr\/#organization","name":"Tartichon","url":"https:\/\/tartichon.fr\/","logo":{"@type":"ImageObject","inLanguage":"fr-FR","@id":"https:\/\/tartichon.fr\/#\/schema\/logo\/image\/","url":"https:\/\/tartichon.fr\/wp-content\/uploads\/2018\/11\/Logofinal2SP.svg","contentUrl":"https:\/\/tartichon.fr\/wp-content\/uploads\/2018\/11\/Logofinal2SP.svg","caption":"Tartichon"},"image":{"@id":"https:\/\/tartichon.fr\/#\/schema\/logo\/image\/"}}]}},"_links":{"self":[{"href":"https:\/\/tartichon.fr\/index.php\/wp-json\/wp\/v2\/pages\/22"}],"collection":[{"href":"https:\/\/tartichon.fr\/index.php\/wp-json\/wp\/v2\/pages"}],"about":[{"href":"https:\/\/tartichon.fr\/index.php\/wp-json\/wp\/v2\/types\/page"}],"author":[{"embeddable":true,"href":"https:\/\/tartichon.fr\/index.php\/wp-json\/wp\/v2\/users\/1"}],"replies":[{"embeddable":true,"href":"https:\/\/tartichon.fr\/index.php\/wp-json\/wp\/v2\/comments?post=22"}],"version-history":[{"count":4,"href":"https:\/\/tartichon.fr\/index.php\/wp-json\/wp\/v2\/pages\/22\/revisions"}],"predecessor-version":[{"id":547,"href":"https:\/\/tartichon.fr\/index.php\/wp-json\/wp\/v2\/pages\/22\/revisions\/547"}],"wp:attachment":[{"href":"https:\/\/tartichon.fr\/index.php\/wp-json\/wp\/v2\/media?parent=22"}],"curies":[{"name":"wp","href":"https:\/\/api.w.org\/{rel}","templated":true}]}}