{"id":3,"date":"2018-10-31T17:21:52","date_gmt":"2018-10-31T16:21:52","guid":{"rendered":"http:\/\/tartichon.fr\/?page_id=3"},"modified":"2022-01-10T10:49:31","modified_gmt":"2022-01-10T09:49:31","slug":"politique-de-confidentialite","status":"publish","type":"page","link":"https:\/\/tartichon.fr\/index.php\/politique-de-confidentialite\/","title":{"rendered":"Politique de confidentialit\u00e9"},"content":{"rendered":"<p align=\"center\"><span style=\"font-family: Caladea, serif;\"><span style=\"font-size: medium;\">POLITIQUE DE CONFIDENTIALIT\u00c9 <\/span><\/span><\/p>\n<p align=\"left\"><a name=\"page283R_mcid3\"><\/a> <span style=\"font-family: Caladea, serif;\"><span style=\"font-size: medium;\"><br \/>\nTartichon dont le si\u00e8ge social est situ\u00e9 au 8 impasse m\u00e9sange bleue, 35590 La Chapelle Thouarault, en sa qualit\u00e9 de responsable du traitement, attache une grande importance \u00e0 la protection et au respect de votre vie priv\u00e9e. Le site Tartichon et \u00e9dit\u00e9 par WordPress et h\u00e9berg\u00e9 par OVH ( <span class=\"ILfuVd\"><span class=\"hgKElc\">2 rue Kellermann \u2013 BP 80157 59053 ROUBAIX CEDEX 1 <\/span><\/span>)<br \/>\n<\/span><\/span><\/p>\n<p align=\"left\"><span style=\"font-family: Caladea, serif;\"><span style=\"font-size: medium;\">La pr\u00e9sente politique vise \u00e0 vous informer, conform\u00e9ment au R\u00e8glement n\u00b02016-679 du 27 avril 2016 relatif \u00e0 la protection des personnes physiques \u00e0 l\u2019\u00e9gard du traitement des donn\u00e9es \u00e0 caract\u00e8re personnel et \u00e0 la libre circulation de ces donn\u00e9es (ci-apr\u00e8s d\u00e9nomm\u00e9 le \u00ab R\u00e8glement \u00bb), de nos pratiques concernant la collecte, l\u2019utilisation et le partage des informations que vous \u00eates amen\u00e9s \u00e0 nous fournir par le biais de https:\/\/ tartichon.fr.<\/span><\/span><\/p>\n<p align=\"left\"><span style=\"font-family: Caladea, serif;\"><span style=\"font-size: medium;\"><br \/>\nCette politique a pour but de vous informer sur les cat\u00e9gories de donn\u00e9es personnelles que nous pourrions recueillir ou d\u00e9tenir sur vous, comment nous les utilisons, quels en sont les destinataires et avec qui nous les partageons, la dur\u00e9e pendant laquelle nous les conservons et comment nous les prot\u00e9geons, enfin les droits dont vous disposez sur vos donn\u00e9es personnelles.<\/span><\/span><\/p>\n<p align=\"left\"><span style=\"font-family: Caladea, serif;\"><span style=\"font-size: medium;\">1. Les donn\u00e9es que nous collectons<\/span><\/span><\/p>\n<p align=\"left\"><a name=\"page283R_mcid11\"><\/a><a name=\"page283R_mcid15\"><\/a><a name=\"page1R_mcid1\"><\/a><a name=\"page1R_mcid4\"><\/a> <span style=\"font-family: Caladea, serif;\"><span style=\"font-size: medium;\"><br \/>\nEn utilisant Tartichon, vous \u00eates amen\u00e9s \u00e0 nous transmettre des informations,<br \/>\ndont certaines sont de nature \u00e0 vous identifier et constituent de ce fait des donn\u00e9es \u00e0 caract\u00e8re personnel (ci-apr\u00e8s d\u00e9nomm\u00e9es les \u00ab Donn\u00e9es \u00bb). C\u2019est notamment le cas lorsque vous passez commande sur le Site . Ces informations contiennent notamment les donn\u00e9es suivantes\u00a0: Nom, pr\u00e9nom, Adresse<\/span><\/span><\/p>\n<p>2. Comment utilisons-nous les donn\u00e9es que nous collectons ?<\/p>\n<p align=\"left\"><a name=\"page1R_mcid7\"><\/a><a name=\"page1R_mcid8\"><\/a><a name=\"page1R_mcid10\"><\/a><a name=\"page1R_mcid12\"><\/a><a name=\"page1R_mcid39\"><\/a><a name=\"page1R_mcid55\"><\/a><a name=\"page1R_mcid58\"><\/a> <span style=\"font-family: Caladea, serif;\"><span style=\"font-size: medium;\"><br \/>\nNous utilisons les Donn\u00e9es que nous recueillons afin de g\u00e9rer la relation commerciale ( livraisons, factures, services apr\u00e8s-vente). Lors de la collecte des Donn\u00e9es, vous serez inform\u00e9 si certaines Donn\u00e9es doivent \u00eatre obligatoirement renseign\u00e9es ou si elles sont facultatives. Les Donn\u00e9es identifi\u00e9es par un ast\u00e9risque au sein du formulaire de collecte sont obligatoires. A d\u00e9faut, l\u2019ex\u00e9cution de votre demande pourra \u00eatre restreinte.<br \/>\n<\/span><\/span><\/p>\n<p align=\"left\"><span style=\"font-family: Caladea, serif;\"><span style=\"font-size: medium;\">3. Qui sont les destinataires des donn\u00e9es que nous collectons\u00a0?<\/span><\/span><\/p>\n<p align=\"left\"><a name=\"page1R_mcid61\"><\/a><a name=\"page1R_mcid65\"><\/a><a name=\"page1R_mcid80\"><\/a><a name=\"page1R_mcid82\"><\/a><a name=\"page3R_mcid25\"><\/a><a name=\"page3R_mcid44\"><\/a><a name=\"page3R_mcid47\"><\/a><a name=\"page3R_mcid50\"><\/a><a name=\"page3R_mcid51\"><\/a><a name=\"page3R_mcid53\"><\/a><a name=\"page3R_mcid55\"><\/a><a name=\"page5R_mcid24\"><\/a><a name=\"page5R_mcid26\"><\/a><a name=\"page5R_mcid28\"><\/a><a name=\"page5R_mcid29\"><\/a><a name=\"page5R_mcid30\"><\/a><a name=\"page5R_mcid31\"><\/a><a name=\"page5R_mcid32\"><\/a> <span style=\"font-family: Caladea, serif;\"><span style=\"font-size: medium;\"><br \/>\nLes Donn\u00e9es collect\u00e9es par Tartichon nous sont destin\u00e9es uniquement pour<br \/>\ng\u00e9rer la relation commerciale (livraisons, factures, services apr\u00e8s-vente). Les Donn\u00e9es transf\u00e9r\u00e9es aux autorit\u00e9s et\/ou organismes publics conform\u00e9ment \u00e0 la r\u00e9glementation en vigueur, les Donn\u00e9es peuvent \u00eatre transmises aux autorit\u00e9s comp\u00e9tentes sur requ\u00eate et notamment aux organismes publics, aux auxiliaires de justice, aux officiers minist\u00e9riels, aux organismes charg\u00e9s d\u2019effectuer le recouvrement de cr\u00e9ances, exclusivement pour r\u00e9pondre aux obligations l\u00e9gales, ainsi que dans le cas de la recherche des auteurs d\u2019infractions commises sur internet.<\/span><\/span><\/p>\n<p>4. Combien de temps conservons-nous vos donn\u00e9es ?<br \/>\nVos Donn\u00e9es ne seront pas conserv\u00e9es au -del\u00e0 de la dur\u00e9e strictement n\u00e9cessaire aux finalit\u00e9s poursuivies telles qu\u2019\u00e9nonc\u00e9es dans la pr\u00e9sente politique et ce conform\u00e9ment au R\u00e8glement et aux lois applicables.<br \/>\nA cet \u00e9gard, les Donn\u00e9es utilis\u00e9es aux fins de livraison de commande sont conserv\u00e9es pendant toute la dur\u00e9e de la relation contractuelle, puis archiv\u00e9es conform\u00e9ment aux d\u00e9lais de prescription.<\/p>\n<p>Lorsque les dur\u00e9es de conservation arrivent \u00e0 leur terme, vos Donn\u00e9es sont effac\u00e9es ou anonymis\u00e9es de mani\u00e8re \u00e0 pouvoir les exploiter sans porter atteinte \u00e0 vos droits. N\u00e9anmoins, vos Donn\u00e9es pourront \u00eatre archiv\u00e9es au-del\u00e0 des dur\u00e9es pr\u00e9vues pour les besoins de la recherche, la constatation et de la<br \/>\npoursuite des infractions p\u00e9nales dans le seul but de permettre, en tant que de besoin, la mise \u00e0 disposition de vos Donn\u00e9es \u00e0 l\u2019autorit\u00e9 judiciaire.<\/p>\n<p align=\"left\"><a name=\"page5R_mcid35\"><\/a> <span style=\"font-family: Caladea, serif;\"><span style=\"font-size: medium;\">L\u2019archivage implique que vos Donn\u00e9es ne seront plus consultables en ligne mais seront extraites et conserv\u00e9es sur un support autonome et s\u00e9curis\u00e9.<br \/>\n<\/span><\/span><\/p>\n<p align=\"left\"><a name=\"page5R_mcid38\"><\/a><a name=\"page5R_mcid39\"><\/a><a name=\"page5R_mcid40\"><\/a><a name=\"page5R_mcid63\"><\/a> <span style=\"font-family: Caladea, serif;\"><span style=\"font-size: medium;\">5. Vos donn\u00e9es sont-elles transf\u00e9r\u00e9es, comment et o\u00f9 ?<\/span><\/span><\/p>\n<p>Vos Donn\u00e9es ne font pas l\u2019objet de transfert hors du territoire de l\u2019Union europ\u00e9enne.<\/p>\n<p>6. Comment vos donn\u00e9es sont-elles prot\u00e9g\u00e9es ?<\/p>\n<p align=\"left\"><span style=\"font-family: Caladea, serif;\"><span style=\"font-size: medium;\">Nous prenons des mesures ad\u00e9quates sur le plan de la technique et de l\u2019organisation pour interdire l\u2019acc\u00e8s non autoris\u00e9 ou la modification, divulgation, perte ou destruction de vos donn\u00e9es. <\/span><\/span><\/p>\n<p align=\"left\"><span style=\"font-family: Caladea, serif;\"><span style=\"font-size: medium;\">7. Quels sont vos droits sur vos donn\u00e9es ?<\/span><\/span><\/p>\n<p align=\"left\"><a name=\"page10R_mcid6\"><\/a><a name=\"page10R_mcid9\"><\/a> <span style=\"font-family: Caladea, serif;\"><span style=\"font-size: medium;\"><br \/>\nConform\u00e9ment aux lois et r\u00e8glements applicables en mati\u00e8re de protection des donn\u00e9es personnelles, vous b\u00e9n\u00e9ficiez d\u2019un certain nombre de droits relatifs \u00e0 vos Donn\u00e9es, \u00e0 savoir :<br \/>\n&#8211; Un droit d\u2019acc\u00e8s et d\u2019information : vous avez le droit d\u2019\u00eatre inform\u00e9 de mani\u00e8re concise,<br \/>\ntransparente, intelligible et facilement accessible de la mani\u00e8re dont vos Donn\u00e9es sont<br \/>\ntrait\u00e9es. Vous avez \u00e9galement le droit d\u2019obtenir (i) la confirmation que des Donn\u00e9es vous concernant sont trait\u00e9es et, le cas \u00e9ch\u00e9ant (ii) d\u2019acc\u00e9der \u00e0 ces Donn\u00e9es et d\u2019en obtenir une copie.<\/span><\/span><\/p>\n<p align=\"left\"><a name=\"page10R_mcid17\"><\/a><a name=\"page10R_mcid21\"><\/a><a name=\"page10R_mcid25\"><\/a><a name=\"page10R_mcid29\"><\/a><a name=\"page10R_mcid33\"><\/a><a name=\"page10R_mcid37\"><\/a><a name=\"page10R_mcid41\"><\/a><a name=\"page10R_mcid44\"><\/a><a name=\"page10R_mcid45\"><\/a> <span style=\"font-family: Caladea, serif;\"><span style=\"font-size: medium;\">&#8211; Un droit de rectification : vous avez le droit d\u2019obtenir la rectification des Donn\u00e9es inexactes vous concernant. Vous avez \u00e9galement le droit de compl\u00e9ter les Donn\u00e9es incompl\u00e8tes vous concernant, en fournissant une d\u00e9claration compl\u00e9mentaire. En cas d\u2019exercice de ce droit, nous nous engageons \u00e0 communiquer toute rectification \u00e0 l\u2019ensemble des destinataires de vos<br \/>\nDonn\u00e9es.<br \/>\n&#8211; Un droit d\u2019effacement : dans certains cas, vous avez le droit d\u2019obtenir l\u2019effacement de vos<br \/>\nDonn\u00e9es. Cependant, ceci n\u2019est pas un droit absolu et nous pouvons pour des raisons l\u00e9gales<br \/>\nou l\u00e9gitimes conserver ces Donn\u00e9es.<br \/>\n&#8211; Un droit \u00e0 la limitation du traitement : dans certains cas, vous avez le droit d\u2019obtenir la limitation du traitement sur vos Donn\u00e9es.<br \/>\n&#8211; Un droit \u00e0 la portabilit\u00e9 des Donn\u00e9es : vous avez le droit de recevoir vos Donn\u00e9es que vous nous avez fournies, dans un format structur\u00e9, couramment utilis\u00e9 et lisible par une machine,pour votre usage personnel ou pour les transmettre \u00e0 un tiers de votre choix. Ce droit ne s\u2019applique que lorsque le traitement de vos Donn\u00e9es est bas\u00e9 sur votre consentement, sur un contrat et que ce traitement est effectu\u00e9 par des moyens automatis\u00e9s.<br \/>\n&#8211; Un droit d\u2019opposition au traitement : vous avez le droit de vous opposer \u00e0 tout moment au traitement de vos Donn\u00e9es pour les traitements bas\u00e9s sur notre int\u00e9r\u00eat l\u00e9gitime, une mission<br \/>\nd\u2019int\u00e9r\u00eat public et ceux \u00e0 des fins de prospection commerciale. Ceci n\u2019est pas un droit absolu et nous pouvons pour des raisons l\u00e9gales ou l\u00e9gitimes refuser votre demande d\u2019opposition.<br \/>\n&#8211; Le droit de retirer votre consentement \u00e0 tout moment : vous pouvez retirer votre<br \/>\nconsentement au traitement de vos Donn\u00e9es lorsque le traitement est bas\u00e9 sur votre consentement. Le retrait du consentement ne compromet pas la lic\u00e9it\u00e9 du traitement fond\u00e9 sur le consentement effectu\u00e9 avant ce retrait.<br \/>\n&#8211; Le droit de d\u00e9poser une plainte aupr\u00e8s d\u2019une autorit\u00e9 de contr\u00f4le : vous avez le droit de contacter votre autorit\u00e9 de protection des donn\u00e9es pour vous plaindre de nos pratiques de<br \/>\nprotection des donn\u00e9es personnelles.<br \/>\n&#8211; Le droit de donner des directives concernant le sort de vos donn\u00e9es apr\u00e8s votre d\u00e9c\u00e8s : vous avez le droit de nous donner des directives concernant l\u2019utilisation de vos Donn\u00e9es apr\u00e8s votre d\u00e9c\u00e8s.<br \/>\nPour exercer ces droits, vous pouvez nous contacter \u00e0 l\u2019adresse suivante : Pennel Audrey, 8 impasse m\u00e9sange bleue, 35590 La Chapelle Thouarault,<\/span><\/span><\/p>\n<p>Notez que nous pouvons exiger un justificatif de votre identit\u00e9 pour l\u2019exercice de ces droits.<\/p>\n<p align=\"left\"><a name=\"page12R_mcid2\"><\/a> <span style=\"font-family: Caladea, serif;\"><span style=\"font-size: medium;\">8. Modification de notre politique de confidentialit\u00e9<\/span><\/span><\/p>\n<p align=\"left\"><a name=\"page12R_mcid5\"><\/a> <span style=\"font-family: Caladea, serif;\"><span style=\"font-size: medium;\"><br \/>\nNous pouvons \u00eatre amen\u00e9s \u00e0 modifier occasionnellement la pr\u00e9sente politique, afin notamment de se conformer \u00e0 toutes \u00e9volutions r\u00e9glementaires, jurisprudentielles, \u00e9ditoriales ou techniques. Le cas \u00e9ch\u00e9ant, nous changerons la date de la derni\u00e8re mise \u00e0 jour et indiquerons la date \u00e0 laquelle les modifications ont \u00e9t\u00e9 apport\u00e9es. Lorsque cela est n\u00e9cessaire, notamment mais pas exclusivement en cas de modification substantielle ou d\u2019\u00e9v\u00e8nement particulier requ\u00e9rant la modification de la pr\u00e9sente politique, nous vous informerons et\/ou solliciterons votre accord. Nous vous conseillons de consulter r\u00e9guli\u00e8rement cette page pour prendre connaissance des \u00e9ventuelles modifications ou mises \u00e0 jour apport\u00e9es \u00e0 notre politique.<\/span><\/span><\/p>\n<p align=\"left\"><span style=\"font-family: Caladea, serif;\"><span style=\"font-size: medium;\">9. Contact<\/span><\/span><\/p>\n<p align=\"left\"><a name=\"page12R_mcid11\"><\/a><span style=\"font-family: Caladea, serif;\"><span style=\"font-size: medium;\">Pour toute question relative \u00e0 la pr\u00e9sente politique ou pour toute demande relative \u00e0 vos Donn\u00e9es, vous pouvez nous contacter en :<\/span><\/span><\/p>\n<p align=\"left\"><a name=\"page12R_mcid14\"><\/a><a name=\"page12R_mcid18\"><\/a><a name=\"page12R_mcid21\"><\/a><a name=\"page12R_mcid22\"><\/a> <span style=\"font-family: Caladea, serif;\"><span style=\"font-size: medium;\"><br \/>\n&#8211; Adressant un courriel \u00e0 l\u2019adresse suivante : tartichon@outlook.com<br \/>\nou<br \/>\n&#8211; Adressant un courrier \u00e0 l\u2019adresse suivante : Tartichon, 8 impasse m\u00e9sange bleue, 35590 La chapelle Thouarault<\/span><\/span><\/p>\n<p align=\"left\"><span style=\"font-family: Caladea, serif;\"><span style=\"font-size: medium;\">Version mise \u00e0 jour le 08\/01\/2022<\/span><\/span><\/p>\n","protected":false},"excerpt":{"rendered":"<p>POLITIQUE DE CONFIDENTIALIT\u00c9 Tartichon dont le si\u00e8ge social est situ\u00e9 au 8 impasse m\u00e9sange bleue, 35590 La Chapelle Thouarault, en sa qualit\u00e9 de responsable du traitement, attache une grande importance \u00e0 la protection et au respect de votre vie priv\u00e9e. Le site Tartichon et \u00e9dit\u00e9 par WordPress et h\u00e9berg\u00e9 par OVH ( 2 rue Kellermann &hellip; <\/p>\n<p class=\"link-more\"><a href=\"https:\/\/tartichon.fr\/index.php\/politique-de-confidentialite\/\" class=\"more-link\">Continuer la lecture<span class=\"screen-reader-text\"> de &laquo;&nbsp;Politique de confidentialit\u00e9&nbsp;&raquo;<\/span><\/a><\/p>\n","protected":false},"author":1,"featured_media":0,"parent":0,"menu_order":0,"comment_status":"closed","ping_status":"open","template":"","meta":{"inline_featured_image":false,"footnotes":""},"yoast_head":"<!-- This site is optimized with the Yoast SEO plugin v22.2 - https:\/\/yoast.com\/wordpress\/plugins\/seo\/ -->\n<title>Politique de confidentialit\u00e9 - Tartichon<\/title>\n<meta name=\"robots\" content=\"index, follow, max-snippet:-1, max-image-preview:large, max-video-preview:-1\" \/>\n<link rel=\"canonical\" href=\"https:\/\/tartichon.fr\/index.php\/politique-de-confidentialite\/\" \/>\n<meta property=\"og:locale\" content=\"fr_FR\" \/>\n<meta property=\"og:type\" content=\"article\" \/>\n<meta property=\"og:title\" content=\"Politique de confidentialit\u00e9 - Tartichon\" \/>\n<meta property=\"og:description\" content=\"POLITIQUE DE CONFIDENTIALIT\u00c9 Tartichon dont le si\u00e8ge social est situ\u00e9 au 8 impasse m\u00e9sange bleue, 35590 La Chapelle Thouarault, en sa qualit\u00e9 de responsable du traitement, attache une grande importance \u00e0 la protection et au respect de votre vie priv\u00e9e. Le site Tartichon et \u00e9dit\u00e9 par WordPress et h\u00e9berg\u00e9 par OVH ( 2 rue Kellermann &hellip; Continuer la lecture de &laquo;&nbsp;Politique de confidentialit\u00e9&nbsp;&raquo;\" \/>\n<meta property=\"og:url\" content=\"https:\/\/tartichon.fr\/index.php\/politique-de-confidentialite\/\" \/>\n<meta property=\"og:site_name\" content=\"Tartichon\" \/>\n<meta property=\"article:modified_time\" content=\"2022-01-10T09:49:31+00:00\" \/>\n<meta name=\"twitter:card\" content=\"summary_large_image\" \/>\n<meta name=\"twitter:label1\" content=\"Dur\u00e9e de lecture estim\u00e9e\" \/>\n\t<meta name=\"twitter:data1\" content=\"7 minutes\" \/>\n<script type=\"application\/ld+json\" class=\"yoast-schema-graph\">{\"@context\":\"https:\/\/schema.org\",\"@graph\":[{\"@type\":\"WebPage\",\"@id\":\"https:\/\/tartichon.fr\/index.php\/politique-de-confidentialite\/\",\"url\":\"https:\/\/tartichon.fr\/index.php\/politique-de-confidentialite\/\",\"name\":\"Politique de confidentialit\u00e9 - Tartichon\",\"isPartOf\":{\"@id\":\"https:\/\/tartichon.fr\/#website\"},\"datePublished\":\"2018-10-31T16:21:52+00:00\",\"dateModified\":\"2022-01-10T09:49:31+00:00\",\"breadcrumb\":{\"@id\":\"https:\/\/tartichon.fr\/index.php\/politique-de-confidentialite\/#breadcrumb\"},\"inLanguage\":\"fr-FR\",\"potentialAction\":[{\"@type\":\"ReadAction\",\"target\":[\"https:\/\/tartichon.fr\/index.php\/politique-de-confidentialite\/\"]}]},{\"@type\":\"BreadcrumbList\",\"@id\":\"https:\/\/tartichon.fr\/index.php\/politique-de-confidentialite\/#breadcrumb\",\"itemListElement\":[{\"@type\":\"ListItem\",\"position\":1,\"name\":\"Accueil\",\"item\":\"https:\/\/tartichon.fr\/\"},{\"@type\":\"ListItem\",\"position\":2,\"name\":\"Politique de confidentialit\u00e9\"}]},{\"@type\":\"WebSite\",\"@id\":\"https:\/\/tartichon.fr\/#website\",\"url\":\"https:\/\/tartichon.fr\/\",\"name\":\"Tartichon\",\"description\":\"Bijoux et Objets de d\u00e9coration\",\"publisher\":{\"@id\":\"https:\/\/tartichon.fr\/#organization\"},\"potentialAction\":[{\"@type\":\"SearchAction\",\"target\":{\"@type\":\"EntryPoint\",\"urlTemplate\":\"https:\/\/tartichon.fr\/?s={search_term_string}\"},\"query-input\":\"required name=search_term_string\"}],\"inLanguage\":\"fr-FR\"},{\"@type\":\"Organization\",\"@id\":\"https:\/\/tartichon.fr\/#organization\",\"name\":\"Tartichon\",\"url\":\"https:\/\/tartichon.fr\/\",\"logo\":{\"@type\":\"ImageObject\",\"inLanguage\":\"fr-FR\",\"@id\":\"https:\/\/tartichon.fr\/#\/schema\/logo\/image\/\",\"url\":\"https:\/\/tartichon.fr\/wp-content\/uploads\/2018\/11\/Logofinal2SP.svg\",\"contentUrl\":\"https:\/\/tartichon.fr\/wp-content\/uploads\/2018\/11\/Logofinal2SP.svg\",\"caption\":\"Tartichon\"},\"image\":{\"@id\":\"https:\/\/tartichon.fr\/#\/schema\/logo\/image\/\"}}]}<\/script>\n<!-- \/ Yoast SEO plugin. -->","yoast_head_json":{"title":"Politique de confidentialit\u00e9 - Tartichon","robots":{"index":"index","follow":"follow","max-snippet":"max-snippet:-1","max-image-preview":"max-image-preview:large","max-video-preview":"max-video-preview:-1"},"canonical":"https:\/\/tartichon.fr\/index.php\/politique-de-confidentialite\/","og_locale":"fr_FR","og_type":"article","og_title":"Politique de confidentialit\u00e9 - Tartichon","og_description":"POLITIQUE DE CONFIDENTIALIT\u00c9 Tartichon dont le si\u00e8ge social est situ\u00e9 au 8 impasse m\u00e9sange bleue, 35590 La Chapelle Thouarault, en sa qualit\u00e9 de responsable du traitement, attache une grande importance \u00e0 la protection et au respect de votre vie priv\u00e9e. Le site Tartichon et \u00e9dit\u00e9 par WordPress et h\u00e9berg\u00e9 par OVH ( 2 rue Kellermann &hellip; Continuer la lecture de &laquo;&nbsp;Politique de confidentialit\u00e9&nbsp;&raquo;","og_url":"https:\/\/tartichon.fr\/index.php\/politique-de-confidentialite\/","og_site_name":"Tartichon","article_modified_time":"2022-01-10T09:49:31+00:00","twitter_card":"summary_large_image","twitter_misc":{"Dur\u00e9e de lecture estim\u00e9e":"7 minutes"},"schema":{"@context":"https:\/\/schema.org","@graph":[{"@type":"WebPage","@id":"https:\/\/tartichon.fr\/index.php\/politique-de-confidentialite\/","url":"https:\/\/tartichon.fr\/index.php\/politique-de-confidentialite\/","name":"Politique de confidentialit\u00e9 - Tartichon","isPartOf":{"@id":"https:\/\/tartichon.fr\/#website"},"datePublished":"2018-10-31T16:21:52+00:00","dateModified":"2022-01-10T09:49:31+00:00","breadcrumb":{"@id":"https:\/\/tartichon.fr\/index.php\/politique-de-confidentialite\/#breadcrumb"},"inLanguage":"fr-FR","potentialAction":[{"@type":"ReadAction","target":["https:\/\/tartichon.fr\/index.php\/politique-de-confidentialite\/"]}]},{"@type":"BreadcrumbList","@id":"https:\/\/tartichon.fr\/index.php\/politique-de-confidentialite\/#breadcrumb","itemListElement":[{"@type":"ListItem","position":1,"name":"Accueil","item":"https:\/\/tartichon.fr\/"},{"@type":"ListItem","position":2,"name":"Politique de confidentialit\u00e9"}]},{"@type":"WebSite","@id":"https:\/\/tartichon.fr\/#website","url":"https:\/\/tartichon.fr\/","name":"Tartichon","description":"Bijoux et Objets de d\u00e9coration","publisher":{"@id":"https:\/\/tartichon.fr\/#organization"},"potentialAction":[{"@type":"SearchAction","target":{"@type":"EntryPoint","urlTemplate":"https:\/\/tartichon.fr\/?s={search_term_string}"},"query-input":"required name=search_term_string"}],"inLanguage":"fr-FR"},{"@type":"Organization","@id":"https:\/\/tartichon.fr\/#organization","name":"Tartichon","url":"https:\/\/tartichon.fr\/","logo":{"@type":"ImageObject","inLanguage":"fr-FR","@id":"https:\/\/tartichon.fr\/#\/schema\/logo\/image\/","url":"https:\/\/tartichon.fr\/wp-content\/uploads\/2018\/11\/Logofinal2SP.svg","contentUrl":"https:\/\/tartichon.fr\/wp-content\/uploads\/2018\/11\/Logofinal2SP.svg","caption":"Tartichon"},"image":{"@id":"https:\/\/tartichon.fr\/#\/schema\/logo\/image\/"}}]}},"_links":{"self":[{"href":"https:\/\/tartichon.fr\/index.php\/wp-json\/wp\/v2\/pages\/3"}],"collection":[{"href":"https:\/\/tartichon.fr\/index.php\/wp-json\/wp\/v2\/pages"}],"about":[{"href":"https:\/\/tartichon.fr\/index.php\/wp-json\/wp\/v2\/types\/page"}],"author":[{"embeddable":true,"href":"https:\/\/tartichon.fr\/index.php\/wp-json\/wp\/v2\/users\/1"}],"replies":[{"embeddable":true,"href":"https:\/\/tartichon.fr\/index.php\/wp-json\/wp\/v2\/comments?post=3"}],"version-history":[{"count":4,"href":"https:\/\/tartichon.fr\/index.php\/wp-json\/wp\/v2\/pages\/3\/revisions"}],"predecessor-version":[{"id":1082,"href":"https:\/\/tartichon.fr\/index.php\/wp-json\/wp\/v2\/pages\/3\/revisions\/1082"}],"wp:attachment":[{"href":"https:\/\/tartichon.fr\/index.php\/wp-json\/wp\/v2\/media?parent=3"}],"curies":[{"name":"wp","href":"https:\/\/api.w.org\/{rel}","templated":true}]}}