{"id":1027,"date":"2022-01-07T20:20:02","date_gmt":"2022-01-07T19:20:02","guid":{"rendered":"https:\/\/tartichon.fr\/?post_type=product&#038;p=1027"},"modified":"2022-01-09T16:18:14","modified_gmt":"2022-01-09T15:18:14","slug":"azilis","status":"publish","type":"product","link":"https:\/\/tartichon.fr\/index.php\/produit\/azilis\/","title":{"rendered":"Azilis"},"content":{"rendered":"<p>Boucles d&rsquo;oreilles en p\u00e2te polym\u00e8re pour celles qui aiment sortir des standards !<\/p>\n<p>Que vous ayez un style classique, chic ou original, cette pi\u00e8ce unique se mariera \u00e0 tout, en apportant la touche en plus.<\/p>\n<p><em><strong>Mod\u00e8le non adaptable avec des clips d&rsquo;oreilles.<\/strong><\/em><\/p>\n<p>* Partie color\u00e9e en p\u00e2te polym\u00e8re<br \/>\n* Attaches et appr\u00eats en acier inoxydable.<br \/>\n* Longueur : environ 5 cm \/ Largeur : environ 2,5 cm<\/p>\n<p>La p\u00e2te polym\u00e8re, une fois cuite, permet de cr\u00e9er des pi\u00e8ces toutes l\u00e9g\u00e8res quelle que soit la taille !<\/p>\n<p>Ces boucles d&rsquo;oreilles sont une cr\u00e9ation artisanale ! Il peut, parfois, y avoir des petites irr\u00e9gularit\u00e9s qui font le charme de ces produits uniques !<\/p>\n<p>Conseil : \u00e9viter le contact avec l&rsquo;eau ou le parfum afin de pr\u00e9server votre bijou. Il est pr\u00e9f\u00e9rable d&rsquo;\u00f4ter vos bijoux avant de se laver, et de les stocker \u00e0 l&rsquo;abri de\u00a0 de la lumi\u00e8re.<\/p>\n<p>Le tout est garantie sans Nickel et sans plomb.<\/p>\n<p>Envoy\u00e9es sous enveloppe bulle.<\/p>\n","protected":false},"excerpt":{"rendered":"<p>Boucles d&rsquo;oreilles en p\u00e2te polym\u00e8re pour celles qui aiment sortir des standards !<\/p>\n<p>Que vous ayez un style classique, chic ou original, cette pi\u00e8ce unique se mariera \u00e0 tout, en apportant la touche en plus.<\/p>\n<p><em><strong>Mod\u00e8le non adaptable avec des clips d&rsquo;oreilles.<\/strong><\/em><\/p>\n<p>* Partie color\u00e9e en p\u00e2te polym\u00e8re<br \/>\n* Attaches, appr\u00eats et cercles en acier inoxydable<br \/>\n* Longueur : environ 5 cm \/ Largeur : environ 2,5 cm<\/p>\n","protected":false},"featured_media":0,"comment_status":"closed","ping_status":"closed","template":"","meta":{"inline_featured_image":false},"product_cat":[26,42],"product_tag":[77,142,141],"yoast_head":"<!-- This site is optimized with the Yoast SEO plugin v22.2 - https:\/\/yoast.com\/wordpress\/plugins\/seo\/ -->\n<title>Azilis - Tartichon<\/title>\n<meta name=\"robots\" content=\"index, follow, max-snippet:-1, max-image-preview:large, max-video-preview:-1\" \/>\n<link rel=\"canonical\" href=\"https:\/\/tartichon.fr\/index.php\/produit\/azilis\/\" \/>\n<meta property=\"og:locale\" content=\"fr_FR\" \/>\n<meta property=\"og:type\" content=\"article\" \/>\n<meta property=\"og:title\" content=\"Azilis - Tartichon\" \/>\n<meta property=\"og:description\" content=\"Boucles d&#039;oreilles en p\u00e2te polym\u00e8re pour celles qui aiment sortir des standards !  Que vous ayez un style classique, chic ou original, cette pi\u00e8ce unique se mariera \u00e0 tout, en apportant la touche en plus.  Mod\u00e8le non adaptable avec des clips d&#039;oreilles.  * Partie color\u00e9e en p\u00e2te polym\u00e8re * Attaches, appr\u00eats et cercles en acier inoxydable * Longueur : environ 5 cm \/ Largeur : environ 2,5 cm\" \/>\n<meta property=\"og:url\" content=\"https:\/\/tartichon.fr\/index.php\/produit\/azilis\/\" \/>\n<meta property=\"og:site_name\" content=\"Tartichon\" \/>\n<meta property=\"article:modified_time\" content=\"2022-01-09T15:18:14+00:00\" \/>\n<meta name=\"twitter:card\" content=\"summary_large_image\" \/>\n<meta name=\"twitter:label1\" content=\"Dur\u00e9e de lecture estim\u00e9e\" \/>\n\t<meta name=\"twitter:data1\" content=\"1 minute\" \/>\n<script type=\"application\/ld+json\" class=\"yoast-schema-graph\">{\"@context\":\"https:\/\/schema.org\",\"@graph\":[{\"@type\":\"WebPage\",\"@id\":\"https:\/\/tartichon.fr\/index.php\/produit\/azilis\/\",\"url\":\"https:\/\/tartichon.fr\/index.php\/produit\/azilis\/\",\"name\":\"Azilis - Tartichon\",\"isPartOf\":{\"@id\":\"https:\/\/tartichon.fr\/#website\"},\"datePublished\":\"2022-01-07T19:20:02+00:00\",\"dateModified\":\"2022-01-09T15:18:14+00:00\",\"breadcrumb\":{\"@id\":\"https:\/\/tartichon.fr\/index.php\/produit\/azilis\/#breadcrumb\"},\"inLanguage\":\"fr-FR\",\"potentialAction\":[{\"@type\":\"ReadAction\",\"target\":[\"https:\/\/tartichon.fr\/index.php\/produit\/azilis\/\"]}]},{\"@type\":\"BreadcrumbList\",\"@id\":\"https:\/\/tartichon.fr\/index.php\/produit\/azilis\/#breadcrumb\",\"itemListElement\":[{\"@type\":\"ListItem\",\"position\":1,\"name\":\"Accueil\",\"item\":\"https:\/\/tartichon.fr\/\"},{\"@type\":\"ListItem\",\"position\":2,\"name\":\"Boutique\",\"item\":\"https:\/\/tartichon.fr\/index.php\/boutique\/\"},{\"@type\":\"ListItem\",\"position\":3,\"name\":\"Azilis\"}]},{\"@type\":\"WebSite\",\"@id\":\"https:\/\/tartichon.fr\/#website\",\"url\":\"https:\/\/tartichon.fr\/\",\"name\":\"Tartichon\",\"description\":\"Bijoux et Objets de d\u00e9coration\",\"publisher\":{\"@id\":\"https:\/\/tartichon.fr\/#organization\"},\"potentialAction\":[{\"@type\":\"SearchAction\",\"target\":{\"@type\":\"EntryPoint\",\"urlTemplate\":\"https:\/\/tartichon.fr\/?s={search_term_string}\"},\"query-input\":\"required name=search_term_string\"}],\"inLanguage\":\"fr-FR\"},{\"@type\":\"Organization\",\"@id\":\"https:\/\/tartichon.fr\/#organization\",\"name\":\"Tartichon\",\"url\":\"https:\/\/tartichon.fr\/\",\"logo\":{\"@type\":\"ImageObject\",\"inLanguage\":\"fr-FR\",\"@id\":\"https:\/\/tartichon.fr\/#\/schema\/logo\/image\/\",\"url\":\"https:\/\/tartichon.fr\/wp-content\/uploads\/2018\/11\/Logofinal2SP.svg\",\"contentUrl\":\"https:\/\/tartichon.fr\/wp-content\/uploads\/2018\/11\/Logofinal2SP.svg\",\"caption\":\"Tartichon\"},\"image\":{\"@id\":\"https:\/\/tartichon.fr\/#\/schema\/logo\/image\/\"}}]}<\/script>\n<!-- \/ Yoast SEO plugin. -->","yoast_head_json":{"title":"Azilis - Tartichon","robots":{"index":"index","follow":"follow","max-snippet":"max-snippet:-1","max-image-preview":"max-image-preview:large","max-video-preview":"max-video-preview:-1"},"canonical":"https:\/\/tartichon.fr\/index.php\/produit\/azilis\/","og_locale":"fr_FR","og_type":"article","og_title":"Azilis - Tartichon","og_description":"Boucles d'oreilles en p\u00e2te polym\u00e8re pour celles qui aiment sortir des standards !  Que vous ayez un style classique, chic ou original, cette pi\u00e8ce unique se mariera \u00e0 tout, en apportant la touche en plus.  Mod\u00e8le non adaptable avec des clips d'oreilles.  * Partie color\u00e9e en p\u00e2te polym\u00e8re * Attaches, appr\u00eats et cercles en acier inoxydable * Longueur : environ 5 cm \/ Largeur : environ 2,5 cm","og_url":"https:\/\/tartichon.fr\/index.php\/produit\/azilis\/","og_site_name":"Tartichon","article_modified_time":"2022-01-09T15:18:14+00:00","twitter_card":"summary_large_image","twitter_misc":{"Dur\u00e9e de lecture estim\u00e9e":"1 minute"},"schema":{"@context":"https:\/\/schema.org","@graph":[{"@type":"WebPage","@id":"https:\/\/tartichon.fr\/index.php\/produit\/azilis\/","url":"https:\/\/tartichon.fr\/index.php\/produit\/azilis\/","name":"Azilis - Tartichon","isPartOf":{"@id":"https:\/\/tartichon.fr\/#website"},"datePublished":"2022-01-07T19:20:02+00:00","dateModified":"2022-01-09T15:18:14+00:00","breadcrumb":{"@id":"https:\/\/tartichon.fr\/index.php\/produit\/azilis\/#breadcrumb"},"inLanguage":"fr-FR","potentialAction":[{"@type":"ReadAction","target":["https:\/\/tartichon.fr\/index.php\/produit\/azilis\/"]}]},{"@type":"BreadcrumbList","@id":"https:\/\/tartichon.fr\/index.php\/produit\/azilis\/#breadcrumb","itemListElement":[{"@type":"ListItem","position":1,"name":"Accueil","item":"https:\/\/tartichon.fr\/"},{"@type":"ListItem","position":2,"name":"Boutique","item":"https:\/\/tartichon.fr\/index.php\/boutique\/"},{"@type":"ListItem","position":3,"name":"Azilis"}]},{"@type":"WebSite","@id":"https:\/\/tartichon.fr\/#website","url":"https:\/\/tartichon.fr\/","name":"Tartichon","description":"Bijoux et Objets de d\u00e9coration","publisher":{"@id":"https:\/\/tartichon.fr\/#organization"},"potentialAction":[{"@type":"SearchAction","target":{"@type":"EntryPoint","urlTemplate":"https:\/\/tartichon.fr\/?s={search_term_string}"},"query-input":"required name=search_term_string"}],"inLanguage":"fr-FR"},{"@type":"Organization","@id":"https:\/\/tartichon.fr\/#organization","name":"Tartichon","url":"https:\/\/tartichon.fr\/","logo":{"@type":"ImageObject","inLanguage":"fr-FR","@id":"https:\/\/tartichon.fr\/#\/schema\/logo\/image\/","url":"https:\/\/tartichon.fr\/wp-content\/uploads\/2018\/11\/Logofinal2SP.svg","contentUrl":"https:\/\/tartichon.fr\/wp-content\/uploads\/2018\/11\/Logofinal2SP.svg","caption":"Tartichon"},"image":{"@id":"https:\/\/tartichon.fr\/#\/schema\/logo\/image\/"}}]}},"_links":{"self":[{"href":"https:\/\/tartichon.fr\/index.php\/wp-json\/wp\/v2\/product\/1027"}],"collection":[{"href":"https:\/\/tartichon.fr\/index.php\/wp-json\/wp\/v2\/product"}],"about":[{"href":"https:\/\/tartichon.fr\/index.php\/wp-json\/wp\/v2\/types\/product"}],"replies":[{"embeddable":true,"href":"https:\/\/tartichon.fr\/index.php\/wp-json\/wp\/v2\/comments?post=1027"}],"wp:attachment":[{"href":"https:\/\/tartichon.fr\/index.php\/wp-json\/wp\/v2\/media?parent=1027"}],"wp:term":[{"taxonomy":"product_cat","embeddable":true,"href":"https:\/\/tartichon.fr\/index.php\/wp-json\/wp\/v2\/product_cat?post=1027"},{"taxonomy":"product_tag","embeddable":true,"href":"https:\/\/tartichon.fr\/index.php\/wp-json\/wp\/v2\/product_tag?post=1027"}],"curies":[{"name":"wp","href":"https:\/\/api.w.org\/{rel}","templated":true}]}}