{"id":1037,"date":"2022-01-07T17:58:19","date_gmt":"2022-01-07T16:58:19","guid":{"rendered":"https:\/\/tartichon.fr\/?post_type=product&#038;p=1037"},"modified":"2022-01-07T17:59:56","modified_gmt":"2022-01-07T16:59:56","slug":"ancolie","status":"publish","type":"product","link":"https:\/\/tartichon.fr\/index.php\/produit\/ancolie\/","title":{"rendered":"Ancolie"},"content":{"rendered":"<p>Boutons en p\u00e2te polym\u00e8re pour celles qui aiment sortir des standards !<\/p>\n<p>Ces boutons \u00e9gayeront vos manteaux, gilets, cr\u00e9ations textiles &#8230;. en apportant une touche d&rsquo;originalit\u00e9 !<\/p>\n<p>Le prix est \u00e0 l&rsquo;unit\u00e9.<\/p>\n<p>* Diam\u00e8tre : environ 2 cm, \u00e9paisseur : environ 2 mm<\/p>\n<p>La p\u00e2te polym\u00e8re, une fois cuite, permet de cr\u00e9er des pi\u00e8ces tr\u00e8s l\u00e9g\u00e8res quelle que soit la taille !<\/p>\n<p>Conseil : Bien que solide, et r\u00e9sin\u00e9 ou vernis selon le mod\u00e8le, \u00e9viter dans la mesure du possible de passer les boutons dans la machine \u00e0 laver afin de pr\u00e9server le bouton.<\/p>\n<p>Envoy\u00e9es sous enveloppe bulle.<\/p>\n","protected":false},"excerpt":{"rendered":"<p>Boutons en p\u00e2te polym\u00e8re pour celles qui aiment sortir des standards !<\/p>\n<p>Ces boutons \u00e9gayeront vos manteaux, gilets, cr\u00e9ations textiles &#8230;. en apportant une touche d&rsquo;originalit\u00e9 !<\/p>\n<p>Le prix est \u00e0 l&rsquo;unit\u00e9.<\/p>\n<p>* Diam\u00e8tre : environ 2 cm, \u00e9paisseur : environ 2 mm<\/p>\n","protected":false},"featured_media":0,"comment_status":"closed","ping_status":"closed","template":"","meta":{"inline_featured_image":false},"product_cat":[21],"product_tag":[149,142,141],"yoast_head":"<!-- This site is optimized with the Yoast SEO plugin v22.2 - https:\/\/yoast.com\/wordpress\/plugins\/seo\/ -->\n<title>Ancolie - Tartichon<\/title>\n<meta name=\"robots\" content=\"index, follow, max-snippet:-1, max-image-preview:large, max-video-preview:-1\" \/>\n<link rel=\"canonical\" href=\"https:\/\/tartichon.fr\/index.php\/produit\/ancolie\/\" \/>\n<meta property=\"og:locale\" content=\"fr_FR\" \/>\n<meta property=\"og:type\" content=\"article\" \/>\n<meta property=\"og:title\" content=\"Ancolie - Tartichon\" \/>\n<meta property=\"og:description\" content=\"Boutons en p\u00e2te polym\u00e8re pour celles qui aiment sortir des standards !  Ces boutons \u00e9gayeront vos manteaux, gilets, cr\u00e9ations textiles .... en apportant une touche d&#039;originalit\u00e9 !  Le prix est \u00e0 l&#039;unit\u00e9.  * Diam\u00e8tre : environ 2 cm, \u00e9paisseur : environ 2 mm\" \/>\n<meta property=\"og:url\" content=\"https:\/\/tartichon.fr\/index.php\/produit\/ancolie\/\" \/>\n<meta property=\"og:site_name\" content=\"Tartichon\" \/>\n<meta property=\"article:modified_time\" content=\"2022-01-07T16:59:56+00:00\" \/>\n<meta name=\"twitter:card\" content=\"summary_large_image\" \/>\n<meta name=\"twitter:label1\" content=\"Dur\u00e9e de lecture estim\u00e9e\" \/>\n\t<meta name=\"twitter:data1\" content=\"1 minute\" \/>\n<script type=\"application\/ld+json\" class=\"yoast-schema-graph\">{\"@context\":\"https:\/\/schema.org\",\"@graph\":[{\"@type\":\"WebPage\",\"@id\":\"https:\/\/tartichon.fr\/index.php\/produit\/ancolie\/\",\"url\":\"https:\/\/tartichon.fr\/index.php\/produit\/ancolie\/\",\"name\":\"Ancolie - Tartichon\",\"isPartOf\":{\"@id\":\"https:\/\/tartichon.fr\/#website\"},\"datePublished\":\"2022-01-07T16:58:19+00:00\",\"dateModified\":\"2022-01-07T16:59:56+00:00\",\"breadcrumb\":{\"@id\":\"https:\/\/tartichon.fr\/index.php\/produit\/ancolie\/#breadcrumb\"},\"inLanguage\":\"fr-FR\",\"potentialAction\":[{\"@type\":\"ReadAction\",\"target\":[\"https:\/\/tartichon.fr\/index.php\/produit\/ancolie\/\"]}]},{\"@type\":\"BreadcrumbList\",\"@id\":\"https:\/\/tartichon.fr\/index.php\/produit\/ancolie\/#breadcrumb\",\"itemListElement\":[{\"@type\":\"ListItem\",\"position\":1,\"name\":\"Accueil\",\"item\":\"https:\/\/tartichon.fr\/\"},{\"@type\":\"ListItem\",\"position\":2,\"name\":\"Boutique\",\"item\":\"https:\/\/tartichon.fr\/index.php\/boutique\/\"},{\"@type\":\"ListItem\",\"position\":3,\"name\":\"Ancolie\"}]},{\"@type\":\"WebSite\",\"@id\":\"https:\/\/tartichon.fr\/#website\",\"url\":\"https:\/\/tartichon.fr\/\",\"name\":\"Tartichon\",\"description\":\"Bijoux et Objets de d\u00e9coration\",\"publisher\":{\"@id\":\"https:\/\/tartichon.fr\/#organization\"},\"potentialAction\":[{\"@type\":\"SearchAction\",\"target\":{\"@type\":\"EntryPoint\",\"urlTemplate\":\"https:\/\/tartichon.fr\/?s={search_term_string}\"},\"query-input\":\"required name=search_term_string\"}],\"inLanguage\":\"fr-FR\"},{\"@type\":\"Organization\",\"@id\":\"https:\/\/tartichon.fr\/#organization\",\"name\":\"Tartichon\",\"url\":\"https:\/\/tartichon.fr\/\",\"logo\":{\"@type\":\"ImageObject\",\"inLanguage\":\"fr-FR\",\"@id\":\"https:\/\/tartichon.fr\/#\/schema\/logo\/image\/\",\"url\":\"https:\/\/tartichon.fr\/wp-content\/uploads\/2018\/11\/Logofinal2SP.svg\",\"contentUrl\":\"https:\/\/tartichon.fr\/wp-content\/uploads\/2018\/11\/Logofinal2SP.svg\",\"caption\":\"Tartichon\"},\"image\":{\"@id\":\"https:\/\/tartichon.fr\/#\/schema\/logo\/image\/\"}}]}<\/script>\n<!-- \/ Yoast SEO plugin. -->","yoast_head_json":{"title":"Ancolie - Tartichon","robots":{"index":"index","follow":"follow","max-snippet":"max-snippet:-1","max-image-preview":"max-image-preview:large","max-video-preview":"max-video-preview:-1"},"canonical":"https:\/\/tartichon.fr\/index.php\/produit\/ancolie\/","og_locale":"fr_FR","og_type":"article","og_title":"Ancolie - Tartichon","og_description":"Boutons en p\u00e2te polym\u00e8re pour celles qui aiment sortir des standards !  Ces boutons \u00e9gayeront vos manteaux, gilets, cr\u00e9ations textiles .... en apportant une touche d'originalit\u00e9 !  Le prix est \u00e0 l'unit\u00e9.  * Diam\u00e8tre : environ 2 cm, \u00e9paisseur : environ 2 mm","og_url":"https:\/\/tartichon.fr\/index.php\/produit\/ancolie\/","og_site_name":"Tartichon","article_modified_time":"2022-01-07T16:59:56+00:00","twitter_card":"summary_large_image","twitter_misc":{"Dur\u00e9e de lecture estim\u00e9e":"1 minute"},"schema":{"@context":"https:\/\/schema.org","@graph":[{"@type":"WebPage","@id":"https:\/\/tartichon.fr\/index.php\/produit\/ancolie\/","url":"https:\/\/tartichon.fr\/index.php\/produit\/ancolie\/","name":"Ancolie - Tartichon","isPartOf":{"@id":"https:\/\/tartichon.fr\/#website"},"datePublished":"2022-01-07T16:58:19+00:00","dateModified":"2022-01-07T16:59:56+00:00","breadcrumb":{"@id":"https:\/\/tartichon.fr\/index.php\/produit\/ancolie\/#breadcrumb"},"inLanguage":"fr-FR","potentialAction":[{"@type":"ReadAction","target":["https:\/\/tartichon.fr\/index.php\/produit\/ancolie\/"]}]},{"@type":"BreadcrumbList","@id":"https:\/\/tartichon.fr\/index.php\/produit\/ancolie\/#breadcrumb","itemListElement":[{"@type":"ListItem","position":1,"name":"Accueil","item":"https:\/\/tartichon.fr\/"},{"@type":"ListItem","position":2,"name":"Boutique","item":"https:\/\/tartichon.fr\/index.php\/boutique\/"},{"@type":"ListItem","position":3,"name":"Ancolie"}]},{"@type":"WebSite","@id":"https:\/\/tartichon.fr\/#website","url":"https:\/\/tartichon.fr\/","name":"Tartichon","description":"Bijoux et Objets de d\u00e9coration","publisher":{"@id":"https:\/\/tartichon.fr\/#organization"},"potentialAction":[{"@type":"SearchAction","target":{"@type":"EntryPoint","urlTemplate":"https:\/\/tartichon.fr\/?s={search_term_string}"},"query-input":"required name=search_term_string"}],"inLanguage":"fr-FR"},{"@type":"Organization","@id":"https:\/\/tartichon.fr\/#organization","name":"Tartichon","url":"https:\/\/tartichon.fr\/","logo":{"@type":"ImageObject","inLanguage":"fr-FR","@id":"https:\/\/tartichon.fr\/#\/schema\/logo\/image\/","url":"https:\/\/tartichon.fr\/wp-content\/uploads\/2018\/11\/Logofinal2SP.svg","contentUrl":"https:\/\/tartichon.fr\/wp-content\/uploads\/2018\/11\/Logofinal2SP.svg","caption":"Tartichon"},"image":{"@id":"https:\/\/tartichon.fr\/#\/schema\/logo\/image\/"}}]}},"_links":{"self":[{"href":"https:\/\/tartichon.fr\/index.php\/wp-json\/wp\/v2\/product\/1037"}],"collection":[{"href":"https:\/\/tartichon.fr\/index.php\/wp-json\/wp\/v2\/product"}],"about":[{"href":"https:\/\/tartichon.fr\/index.php\/wp-json\/wp\/v2\/types\/product"}],"replies":[{"embeddable":true,"href":"https:\/\/tartichon.fr\/index.php\/wp-json\/wp\/v2\/comments?post=1037"}],"wp:attachment":[{"href":"https:\/\/tartichon.fr\/index.php\/wp-json\/wp\/v2\/media?parent=1037"}],"wp:term":[{"taxonomy":"product_cat","embeddable":true,"href":"https:\/\/tartichon.fr\/index.php\/wp-json\/wp\/v2\/product_cat?post=1037"},{"taxonomy":"product_tag","embeddable":true,"href":"https:\/\/tartichon.fr\/index.php\/wp-json\/wp\/v2\/product_tag?post=1037"}],"curies":[{"name":"wp","href":"https:\/\/api.w.org\/{rel}","templated":true}]}}