{"id":1113,"date":"2022-03-17T15:28:19","date_gmt":"2022-03-17T14:28:19","guid":{"rendered":"https:\/\/tartichon.fr\/?post_type=product&#038;p=1113"},"modified":"2022-03-17T15:42:29","modified_gmt":"2022-03-17T14:42:29","slug":"femme-qui-reve-en-papercraft","status":"publish","type":"product","link":"https:\/\/tartichon.fr\/index.php\/produit\/femme-qui-reve-en-papercraft\/","title":{"rendered":"Femme qui r\u00eave en Papercraft"},"content":{"rendered":"<p>Cet article est un lien pour un patron (PDF) envoy\u00e9 par mail.<\/p>\n<p>Construisez cette silhouette de femme r\u00eaveuse gr\u00e2ce \u00e0 ce PDF. Suivez les instructions et affichez ou offrez fi\u00e8rement votre r\u00e9alisation !<\/p>\n<p>****** Marche \u00e0 suivre ******<\/p>\n<p>* D\u00e8s que votre achat sera confirm\u00e9, un mail avec un lien de t\u00e9l\u00e9chargement vous sera envoy\u00e9. Ce fichier contient le patron (document PDF qui peut \u00eatre imprim\u00e9 au format A3 ou A4) et un fichier avec les instructions compl\u00e8tes en Fran\u00e7ais pour assembler la sculpture. Le lien ne vous permet de t\u00e9l\u00e9charger le patron qu&rsquo;une seule fois et ne reste valable que 7 jours. T\u00e9l\u00e9chargez le rapidement ! Une fois t\u00e9l\u00e9charg\u00e9 sur votre ordinateur, il n&rsquo;y a plus de limite de temps !<br \/>\nAttention : Ce fichier est une propri\u00e9t\u00e9 de Tartichon, il est interdit de le diffuser gratuitement sur des forums de papercraft.<\/p>\n<p>* Imprimez le patron ! Le papier doit avoir un grammage de minimum 200 gr\/m\u00b2.<\/p>\n<p>* Une fois le patron imprim\u00e9 ! Il vous suffit de rassembler les outils suivants: une paire de ciseaux, une r\u00e8gle, de la colle blanche ( ou de la colle a bois appliquer avec un pinceau &#8230;) et un outil pour marquer les plis (un vieux stylo qui ne fonctionne plus, une pointe de cutter ou m\u00eame un petit couteau).<\/p>\n<p>* D\u00e9couper ensuite les pi\u00e8ces, faire les plis et coller les pi\u00e8ces entre elles gr\u00e2ce aux num\u00e9ros sur chacune d&rsquo;entre elles. ( astuce : laissez le pdf ouvert et gr\u00e2ce CTRL+F faites une recherche des num\u00e9ros correspondants)<\/p>\n<p>* Une fois termin\u00e9e, personnalisez selon vos envies ! Papier d\u00e9copatch, peinture &#8230;<\/p>\n<p>* Niveau de difficult\u00e9 de ce patron : Facile<\/p>\n<p>* Taille approximative : 25 cm de haut, 15 cm de profondeur et 14 cm de largeur.<\/p>\n","protected":false},"excerpt":{"rendered":"<p>Fichier pour r\u00e9aliser soi m\u00eame cette silhouette de femme r\u00eaveuse d&rsquo;une taille de 25 cm de haut, 15 cm de profondeur et 14 cm de largeur.<\/p>\n<p>A d\u00e9corer ensuite ( ou pas) avec des feuilles de d\u00e9copatch de votre choix ( cf photos en exemple ) ou de la bombe de peinture !<\/p>\n<p>Nombre de feuille \u00e0 imprimer : 3 pour le fichier de la silhouette ( et 1 feuille de tutoriel)<\/p>\n","protected":false},"featured_media":1120,"comment_status":"closed","ping_status":"closed","template":"","meta":{"inline_featured_image":false},"product_cat":[111],"product_tag":[153,116,126,138,130,115,154],"yoast_head":"<!-- This site is optimized with the Yoast SEO plugin v22.2 - https:\/\/yoast.com\/wordpress\/plugins\/seo\/ -->\n<title>Femme qui r\u00eave en Papercraft - Tartichon<\/title>\n<meta name=\"robots\" content=\"index, follow, max-snippet:-1, max-image-preview:large, max-video-preview:-1\" \/>\n<link rel=\"canonical\" href=\"https:\/\/tartichon.fr\/index.php\/produit\/femme-qui-reve-en-papercraft\/\" \/>\n<meta property=\"og:locale\" content=\"fr_FR\" \/>\n<meta property=\"og:type\" content=\"article\" \/>\n<meta property=\"og:title\" content=\"Femme qui r\u00eave en Papercraft - Tartichon\" \/>\n<meta property=\"og:description\" content=\"Fichier pour r\u00e9aliser soi m\u00eame cette silhouette de femme r\u00eaveuse d&#039;une taille de 25 cm de haut, 15 cm de profondeur et 14 cm de largeur.  A d\u00e9corer ensuite ( ou pas) avec des feuilles de d\u00e9copatch de votre choix ( cf photos en exemple ) ou de la bombe de peinture !  Nombre de feuille \u00e0 imprimer : 3 pour le fichier de la silhouette ( et 1 feuille de tutoriel)\" \/>\n<meta property=\"og:url\" content=\"https:\/\/tartichon.fr\/index.php\/produit\/femme-qui-reve-en-papercraft\/\" \/>\n<meta property=\"og:site_name\" content=\"Tartichon\" \/>\n<meta property=\"article:modified_time\" content=\"2022-03-17T14:42:29+00:00\" \/>\n<meta property=\"og:image\" content=\"https:\/\/tartichon.fr\/wp-content\/uploads\/2022\/03\/2-1022x1024.png\" \/>\n\t<meta property=\"og:image:width\" content=\"1022\" \/>\n\t<meta property=\"og:image:height\" content=\"1024\" \/>\n\t<meta property=\"og:image:type\" content=\"image\/png\" \/>\n<meta name=\"twitter:card\" content=\"summary_large_image\" \/>\n<meta name=\"twitter:label1\" content=\"Dur\u00e9e de lecture estim\u00e9e\" \/>\n\t<meta name=\"twitter:data1\" content=\"1 minute\" \/>\n<script type=\"application\/ld+json\" class=\"yoast-schema-graph\">{\"@context\":\"https:\/\/schema.org\",\"@graph\":[{\"@type\":\"WebPage\",\"@id\":\"https:\/\/tartichon.fr\/index.php\/produit\/femme-qui-reve-en-papercraft\/\",\"url\":\"https:\/\/tartichon.fr\/index.php\/produit\/femme-qui-reve-en-papercraft\/\",\"name\":\"Femme qui r\u00eave en Papercraft - Tartichon\",\"isPartOf\":{\"@id\":\"https:\/\/tartichon.fr\/#website\"},\"primaryImageOfPage\":{\"@id\":\"https:\/\/tartichon.fr\/index.php\/produit\/femme-qui-reve-en-papercraft\/#primaryimage\"},\"image\":{\"@id\":\"https:\/\/tartichon.fr\/index.php\/produit\/femme-qui-reve-en-papercraft\/#primaryimage\"},\"thumbnailUrl\":\"https:\/\/tartichon.fr\/wp-content\/uploads\/2022\/03\/2.png\",\"datePublished\":\"2022-03-17T14:28:19+00:00\",\"dateModified\":\"2022-03-17T14:42:29+00:00\",\"breadcrumb\":{\"@id\":\"https:\/\/tartichon.fr\/index.php\/produit\/femme-qui-reve-en-papercraft\/#breadcrumb\"},\"inLanguage\":\"fr-FR\",\"potentialAction\":[{\"@type\":\"ReadAction\",\"target\":[\"https:\/\/tartichon.fr\/index.php\/produit\/femme-qui-reve-en-papercraft\/\"]}]},{\"@type\":\"ImageObject\",\"inLanguage\":\"fr-FR\",\"@id\":\"https:\/\/tartichon.fr\/index.php\/produit\/femme-qui-reve-en-papercraft\/#primaryimage\",\"url\":\"https:\/\/tartichon.fr\/wp-content\/uploads\/2022\/03\/2.png\",\"contentUrl\":\"https:\/\/tartichon.fr\/wp-content\/uploads\/2022\/03\/2.png\",\"width\":1768,\"height\":1772},{\"@type\":\"BreadcrumbList\",\"@id\":\"https:\/\/tartichon.fr\/index.php\/produit\/femme-qui-reve-en-papercraft\/#breadcrumb\",\"itemListElement\":[{\"@type\":\"ListItem\",\"position\":1,\"name\":\"Accueil\",\"item\":\"https:\/\/tartichon.fr\/\"},{\"@type\":\"ListItem\",\"position\":2,\"name\":\"Boutique\",\"item\":\"https:\/\/tartichon.fr\/index.php\/boutique\/\"},{\"@type\":\"ListItem\",\"position\":3,\"name\":\"Femme qui r\u00eave en Papercraft\"}]},{\"@type\":\"WebSite\",\"@id\":\"https:\/\/tartichon.fr\/#website\",\"url\":\"https:\/\/tartichon.fr\/\",\"name\":\"Tartichon\",\"description\":\"Bijoux et Objets de d\u00e9coration\",\"publisher\":{\"@id\":\"https:\/\/tartichon.fr\/#organization\"},\"potentialAction\":[{\"@type\":\"SearchAction\",\"target\":{\"@type\":\"EntryPoint\",\"urlTemplate\":\"https:\/\/tartichon.fr\/?s={search_term_string}\"},\"query-input\":\"required name=search_term_string\"}],\"inLanguage\":\"fr-FR\"},{\"@type\":\"Organization\",\"@id\":\"https:\/\/tartichon.fr\/#organization\",\"name\":\"Tartichon\",\"url\":\"https:\/\/tartichon.fr\/\",\"logo\":{\"@type\":\"ImageObject\",\"inLanguage\":\"fr-FR\",\"@id\":\"https:\/\/tartichon.fr\/#\/schema\/logo\/image\/\",\"url\":\"https:\/\/tartichon.fr\/wp-content\/uploads\/2018\/11\/Logofinal2SP.svg\",\"contentUrl\":\"https:\/\/tartichon.fr\/wp-content\/uploads\/2018\/11\/Logofinal2SP.svg\",\"caption\":\"Tartichon\"},\"image\":{\"@id\":\"https:\/\/tartichon.fr\/#\/schema\/logo\/image\/\"}}]}<\/script>\n<!-- \/ Yoast SEO plugin. -->","yoast_head_json":{"title":"Femme qui r\u00eave en Papercraft - Tartichon","robots":{"index":"index","follow":"follow","max-snippet":"max-snippet:-1","max-image-preview":"max-image-preview:large","max-video-preview":"max-video-preview:-1"},"canonical":"https:\/\/tartichon.fr\/index.php\/produit\/femme-qui-reve-en-papercraft\/","og_locale":"fr_FR","og_type":"article","og_title":"Femme qui r\u00eave en Papercraft - Tartichon","og_description":"Fichier pour r\u00e9aliser soi m\u00eame cette silhouette de femme r\u00eaveuse d'une taille de 25 cm de haut, 15 cm de profondeur et 14 cm de largeur.  A d\u00e9corer ensuite ( ou pas) avec des feuilles de d\u00e9copatch de votre choix ( cf photos en exemple ) ou de la bombe de peinture !  Nombre de feuille \u00e0 imprimer : 3 pour le fichier de la silhouette ( et 1 feuille de tutoriel)","og_url":"https:\/\/tartichon.fr\/index.php\/produit\/femme-qui-reve-en-papercraft\/","og_site_name":"Tartichon","article_modified_time":"2022-03-17T14:42:29+00:00","og_image":[{"width":1022,"height":1024,"url":"https:\/\/tartichon.fr\/wp-content\/uploads\/2022\/03\/2-1022x1024.png","type":"image\/png"}],"twitter_card":"summary_large_image","twitter_misc":{"Dur\u00e9e de lecture estim\u00e9e":"1 minute"},"schema":{"@context":"https:\/\/schema.org","@graph":[{"@type":"WebPage","@id":"https:\/\/tartichon.fr\/index.php\/produit\/femme-qui-reve-en-papercraft\/","url":"https:\/\/tartichon.fr\/index.php\/produit\/femme-qui-reve-en-papercraft\/","name":"Femme qui r\u00eave en Papercraft - Tartichon","isPartOf":{"@id":"https:\/\/tartichon.fr\/#website"},"primaryImageOfPage":{"@id":"https:\/\/tartichon.fr\/index.php\/produit\/femme-qui-reve-en-papercraft\/#primaryimage"},"image":{"@id":"https:\/\/tartichon.fr\/index.php\/produit\/femme-qui-reve-en-papercraft\/#primaryimage"},"thumbnailUrl":"https:\/\/tartichon.fr\/wp-content\/uploads\/2022\/03\/2.png","datePublished":"2022-03-17T14:28:19+00:00","dateModified":"2022-03-17T14:42:29+00:00","breadcrumb":{"@id":"https:\/\/tartichon.fr\/index.php\/produit\/femme-qui-reve-en-papercraft\/#breadcrumb"},"inLanguage":"fr-FR","potentialAction":[{"@type":"ReadAction","target":["https:\/\/tartichon.fr\/index.php\/produit\/femme-qui-reve-en-papercraft\/"]}]},{"@type":"ImageObject","inLanguage":"fr-FR","@id":"https:\/\/tartichon.fr\/index.php\/produit\/femme-qui-reve-en-papercraft\/#primaryimage","url":"https:\/\/tartichon.fr\/wp-content\/uploads\/2022\/03\/2.png","contentUrl":"https:\/\/tartichon.fr\/wp-content\/uploads\/2022\/03\/2.png","width":1768,"height":1772},{"@type":"BreadcrumbList","@id":"https:\/\/tartichon.fr\/index.php\/produit\/femme-qui-reve-en-papercraft\/#breadcrumb","itemListElement":[{"@type":"ListItem","position":1,"name":"Accueil","item":"https:\/\/tartichon.fr\/"},{"@type":"ListItem","position":2,"name":"Boutique","item":"https:\/\/tartichon.fr\/index.php\/boutique\/"},{"@type":"ListItem","position":3,"name":"Femme qui r\u00eave en Papercraft"}]},{"@type":"WebSite","@id":"https:\/\/tartichon.fr\/#website","url":"https:\/\/tartichon.fr\/","name":"Tartichon","description":"Bijoux et Objets de d\u00e9coration","publisher":{"@id":"https:\/\/tartichon.fr\/#organization"},"potentialAction":[{"@type":"SearchAction","target":{"@type":"EntryPoint","urlTemplate":"https:\/\/tartichon.fr\/?s={search_term_string}"},"query-input":"required name=search_term_string"}],"inLanguage":"fr-FR"},{"@type":"Organization","@id":"https:\/\/tartichon.fr\/#organization","name":"Tartichon","url":"https:\/\/tartichon.fr\/","logo":{"@type":"ImageObject","inLanguage":"fr-FR","@id":"https:\/\/tartichon.fr\/#\/schema\/logo\/image\/","url":"https:\/\/tartichon.fr\/wp-content\/uploads\/2018\/11\/Logofinal2SP.svg","contentUrl":"https:\/\/tartichon.fr\/wp-content\/uploads\/2018\/11\/Logofinal2SP.svg","caption":"Tartichon"},"image":{"@id":"https:\/\/tartichon.fr\/#\/schema\/logo\/image\/"}}]}},"_links":{"self":[{"href":"https:\/\/tartichon.fr\/index.php\/wp-json\/wp\/v2\/product\/1113"}],"collection":[{"href":"https:\/\/tartichon.fr\/index.php\/wp-json\/wp\/v2\/product"}],"about":[{"href":"https:\/\/tartichon.fr\/index.php\/wp-json\/wp\/v2\/types\/product"}],"replies":[{"embeddable":true,"href":"https:\/\/tartichon.fr\/index.php\/wp-json\/wp\/v2\/comments?post=1113"}],"wp:featuredmedia":[{"embeddable":true,"href":"https:\/\/tartichon.fr\/index.php\/wp-json\/wp\/v2\/media\/1120"}],"wp:attachment":[{"href":"https:\/\/tartichon.fr\/index.php\/wp-json\/wp\/v2\/media?parent=1113"}],"wp:term":[{"taxonomy":"product_cat","embeddable":true,"href":"https:\/\/tartichon.fr\/index.php\/wp-json\/wp\/v2\/product_cat?post=1113"},{"taxonomy":"product_tag","embeddable":true,"href":"https:\/\/tartichon.fr\/index.php\/wp-json\/wp\/v2\/product_tag?post=1113"}],"curies":[{"name":"wp","href":"https:\/\/api.w.org\/{rel}","templated":true}]}}