{"id":1159,"date":"2022-04-26T15:21:50","date_gmt":"2022-04-26T13:21:50","guid":{"rendered":"https:\/\/tartichon.fr\/?post_type=product&#038;p=1159"},"modified":"2022-04-26T15:23:41","modified_gmt":"2022-04-26T13:23:41","slug":"berthe","status":"publish","type":"product","link":"https:\/\/tartichon.fr\/index.php\/produit\/berthe\/","title":{"rendered":"Berthe"},"content":{"rendered":"<p>Boucles d&rsquo;oreilles en p\u00e2te polym\u00e8re pour celles qui aiment sortir des standards !<\/p>\n<p>Que vous ayez un style classique, chic ou original, cette pi\u00e8ce unique se mariera \u00e0 tout, en apportant la touche en plus.<\/p>\n<p>Mod\u00e8le non adaptable avec des clips d&rsquo;oreilles.<\/p>\n<p>* Partie color\u00e9e en p\u00e2te polym\u00e8re<br \/>\n* Attaches, appr\u00eats et cercles en acier inoxydable<br \/>\n* Longueur : environ 5 cm \/ Largeur : environ 3 cm<\/p>\n<p>La p\u00e2te polym\u00e8re, une fois cuite, permet de cr\u00e9er des pi\u00e8ces toutes l\u00e9g\u00e8res quelle que soit la taille !<\/p>\n<p>Ces boucles d&rsquo;oreilles sont une cr\u00e9ation artisanale ! Il peut, parfois, y avoir des petites irr\u00e9gularit\u00e9s qui font le charme de ces produits uniques !<\/p>\n<p>Conseil : \u00e9viter le contact avec l&rsquo;eau ou le parfum afin de pr\u00e9server votre bijou. Il est pr\u00e9f\u00e9rable d&rsquo;\u00f4ter vos bijoux avant de se laver, et de les stocker \u00e0 l&rsquo;abri de l&rsquo;air et de la lumi\u00e8re.<\/p>\n<p>Le tout est garantie sans Nickel et sans plomb.<\/p>\n<p>Envoy\u00e9es sous enveloppe bulle.<\/p>\n","protected":false},"excerpt":{"rendered":"<p>Boucles d&rsquo;oreilles en p\u00e2te polym\u00e8re \u00ab\u00a0d\u00e9saccord\u00e9es\u00a0\u00bb pour celles qui aiment sortir des standards !<\/p>\n<p>Que vous ayez un style classique, chic ou original, cette pi\u00e8ce unique se mariera \u00e0 tout, en apportant la touche en plus.<\/p>\n<p>Mod\u00e8le non adaptable avec des clips d&rsquo;oreilles<\/p>\n<p>* Partie color\u00e9e en p\u00e2te polym\u00e8re<br \/>\n* Attaches, appr\u00eats et cercles en acier inoxydable<br \/>\n* Longueur : environ 5 cm \/ Largeur : environ 3 cm<\/p>\n","protected":false},"featured_media":1138,"comment_status":"closed","ping_status":"closed","template":"","meta":{"inline_featured_image":false},"product_cat":[26,42],"product_tag":[77,148,146,143,142,141],"yoast_head":"<!-- This site is optimized with the Yoast SEO plugin v22.2 - https:\/\/yoast.com\/wordpress\/plugins\/seo\/ -->\n<title>Berthe - Tartichon<\/title>\n<meta name=\"robots\" content=\"index, follow, max-snippet:-1, max-image-preview:large, max-video-preview:-1\" \/>\n<link rel=\"canonical\" href=\"https:\/\/tartichon.fr\/index.php\/produit\/berthe\/\" \/>\n<meta property=\"og:locale\" content=\"fr_FR\" \/>\n<meta property=\"og:type\" content=\"article\" \/>\n<meta property=\"og:title\" content=\"Berthe - Tartichon\" \/>\n<meta property=\"og:description\" content=\"Boucles d&#039;oreilles en p\u00e2te polym\u00e8re &quot;d\u00e9saccord\u00e9es&quot; pour celles qui aiment sortir des standards !  Que vous ayez un style classique, chic ou original, cette pi\u00e8ce unique se mariera \u00e0 tout, en apportant la touche en plus.  Mod\u00e8le non adaptable avec des clips d&#039;oreilles  * Partie color\u00e9e en p\u00e2te polym\u00e8re * Attaches, appr\u00eats et cercles en acier inoxydable * Longueur : environ 5 cm \/ Largeur : environ 3 cm\" \/>\n<meta property=\"og:url\" content=\"https:\/\/tartichon.fr\/index.php\/produit\/berthe\/\" \/>\n<meta property=\"og:site_name\" content=\"Tartichon\" \/>\n<meta property=\"article:modified_time\" content=\"2022-04-26T13:23:41+00:00\" \/>\n<meta property=\"og:image\" content=\"https:\/\/tartichon.fr\/wp-content\/uploads\/2022\/04\/Berthe-751x1024.png\" \/>\n\t<meta property=\"og:image:width\" content=\"751\" \/>\n\t<meta property=\"og:image:height\" content=\"1024\" \/>\n\t<meta property=\"og:image:type\" content=\"image\/png\" \/>\n<meta name=\"twitter:card\" content=\"summary_large_image\" \/>\n<meta name=\"twitter:label1\" content=\"Dur\u00e9e de lecture estim\u00e9e\" \/>\n\t<meta name=\"twitter:data1\" content=\"1 minute\" \/>\n<script type=\"application\/ld+json\" class=\"yoast-schema-graph\">{\"@context\":\"https:\/\/schema.org\",\"@graph\":[{\"@type\":\"WebPage\",\"@id\":\"https:\/\/tartichon.fr\/index.php\/produit\/berthe\/\",\"url\":\"https:\/\/tartichon.fr\/index.php\/produit\/berthe\/\",\"name\":\"Berthe - Tartichon\",\"isPartOf\":{\"@id\":\"https:\/\/tartichon.fr\/#website\"},\"primaryImageOfPage\":{\"@id\":\"https:\/\/tartichon.fr\/index.php\/produit\/berthe\/#primaryimage\"},\"image\":{\"@id\":\"https:\/\/tartichon.fr\/index.php\/produit\/berthe\/#primaryimage\"},\"thumbnailUrl\":\"https:\/\/tartichon.fr\/wp-content\/uploads\/2022\/04\/Berthe.png\",\"datePublished\":\"2022-04-26T13:21:50+00:00\",\"dateModified\":\"2022-04-26T13:23:41+00:00\",\"breadcrumb\":{\"@id\":\"https:\/\/tartichon.fr\/index.php\/produit\/berthe\/#breadcrumb\"},\"inLanguage\":\"fr-FR\",\"potentialAction\":[{\"@type\":\"ReadAction\",\"target\":[\"https:\/\/tartichon.fr\/index.php\/produit\/berthe\/\"]}]},{\"@type\":\"ImageObject\",\"inLanguage\":\"fr-FR\",\"@id\":\"https:\/\/tartichon.fr\/index.php\/produit\/berthe\/#primaryimage\",\"url\":\"https:\/\/tartichon.fr\/wp-content\/uploads\/2022\/04\/Berthe.png\",\"contentUrl\":\"https:\/\/tartichon.fr\/wp-content\/uploads\/2022\/04\/Berthe.png\",\"width\":1732,\"height\":2362},{\"@type\":\"BreadcrumbList\",\"@id\":\"https:\/\/tartichon.fr\/index.php\/produit\/berthe\/#breadcrumb\",\"itemListElement\":[{\"@type\":\"ListItem\",\"position\":1,\"name\":\"Accueil\",\"item\":\"https:\/\/tartichon.fr\/\"},{\"@type\":\"ListItem\",\"position\":2,\"name\":\"Boutique\",\"item\":\"https:\/\/tartichon.fr\/index.php\/boutique\/\"},{\"@type\":\"ListItem\",\"position\":3,\"name\":\"Berthe\"}]},{\"@type\":\"WebSite\",\"@id\":\"https:\/\/tartichon.fr\/#website\",\"url\":\"https:\/\/tartichon.fr\/\",\"name\":\"Tartichon\",\"description\":\"Bijoux et Objets de d\u00e9coration\",\"publisher\":{\"@id\":\"https:\/\/tartichon.fr\/#organization\"},\"potentialAction\":[{\"@type\":\"SearchAction\",\"target\":{\"@type\":\"EntryPoint\",\"urlTemplate\":\"https:\/\/tartichon.fr\/?s={search_term_string}\"},\"query-input\":\"required name=search_term_string\"}],\"inLanguage\":\"fr-FR\"},{\"@type\":\"Organization\",\"@id\":\"https:\/\/tartichon.fr\/#organization\",\"name\":\"Tartichon\",\"url\":\"https:\/\/tartichon.fr\/\",\"logo\":{\"@type\":\"ImageObject\",\"inLanguage\":\"fr-FR\",\"@id\":\"https:\/\/tartichon.fr\/#\/schema\/logo\/image\/\",\"url\":\"https:\/\/tartichon.fr\/wp-content\/uploads\/2018\/11\/Logofinal2SP.svg\",\"contentUrl\":\"https:\/\/tartichon.fr\/wp-content\/uploads\/2018\/11\/Logofinal2SP.svg\",\"caption\":\"Tartichon\"},\"image\":{\"@id\":\"https:\/\/tartichon.fr\/#\/schema\/logo\/image\/\"}}]}<\/script>\n<!-- \/ Yoast SEO plugin. -->","yoast_head_json":{"title":"Berthe - Tartichon","robots":{"index":"index","follow":"follow","max-snippet":"max-snippet:-1","max-image-preview":"max-image-preview:large","max-video-preview":"max-video-preview:-1"},"canonical":"https:\/\/tartichon.fr\/index.php\/produit\/berthe\/","og_locale":"fr_FR","og_type":"article","og_title":"Berthe - Tartichon","og_description":"Boucles d'oreilles en p\u00e2te polym\u00e8re \"d\u00e9saccord\u00e9es\" pour celles qui aiment sortir des standards !  Que vous ayez un style classique, chic ou original, cette pi\u00e8ce unique se mariera \u00e0 tout, en apportant la touche en plus.  Mod\u00e8le non adaptable avec des clips d'oreilles  * Partie color\u00e9e en p\u00e2te polym\u00e8re * Attaches, appr\u00eats et cercles en acier inoxydable * Longueur : environ 5 cm \/ Largeur : environ 3 cm","og_url":"https:\/\/tartichon.fr\/index.php\/produit\/berthe\/","og_site_name":"Tartichon","article_modified_time":"2022-04-26T13:23:41+00:00","og_image":[{"width":751,"height":1024,"url":"https:\/\/tartichon.fr\/wp-content\/uploads\/2022\/04\/Berthe-751x1024.png","type":"image\/png"}],"twitter_card":"summary_large_image","twitter_misc":{"Dur\u00e9e de lecture estim\u00e9e":"1 minute"},"schema":{"@context":"https:\/\/schema.org","@graph":[{"@type":"WebPage","@id":"https:\/\/tartichon.fr\/index.php\/produit\/berthe\/","url":"https:\/\/tartichon.fr\/index.php\/produit\/berthe\/","name":"Berthe - Tartichon","isPartOf":{"@id":"https:\/\/tartichon.fr\/#website"},"primaryImageOfPage":{"@id":"https:\/\/tartichon.fr\/index.php\/produit\/berthe\/#primaryimage"},"image":{"@id":"https:\/\/tartichon.fr\/index.php\/produit\/berthe\/#primaryimage"},"thumbnailUrl":"https:\/\/tartichon.fr\/wp-content\/uploads\/2022\/04\/Berthe.png","datePublished":"2022-04-26T13:21:50+00:00","dateModified":"2022-04-26T13:23:41+00:00","breadcrumb":{"@id":"https:\/\/tartichon.fr\/index.php\/produit\/berthe\/#breadcrumb"},"inLanguage":"fr-FR","potentialAction":[{"@type":"ReadAction","target":["https:\/\/tartichon.fr\/index.php\/produit\/berthe\/"]}]},{"@type":"ImageObject","inLanguage":"fr-FR","@id":"https:\/\/tartichon.fr\/index.php\/produit\/berthe\/#primaryimage","url":"https:\/\/tartichon.fr\/wp-content\/uploads\/2022\/04\/Berthe.png","contentUrl":"https:\/\/tartichon.fr\/wp-content\/uploads\/2022\/04\/Berthe.png","width":1732,"height":2362},{"@type":"BreadcrumbList","@id":"https:\/\/tartichon.fr\/index.php\/produit\/berthe\/#breadcrumb","itemListElement":[{"@type":"ListItem","position":1,"name":"Accueil","item":"https:\/\/tartichon.fr\/"},{"@type":"ListItem","position":2,"name":"Boutique","item":"https:\/\/tartichon.fr\/index.php\/boutique\/"},{"@type":"ListItem","position":3,"name":"Berthe"}]},{"@type":"WebSite","@id":"https:\/\/tartichon.fr\/#website","url":"https:\/\/tartichon.fr\/","name":"Tartichon","description":"Bijoux et Objets de d\u00e9coration","publisher":{"@id":"https:\/\/tartichon.fr\/#organization"},"potentialAction":[{"@type":"SearchAction","target":{"@type":"EntryPoint","urlTemplate":"https:\/\/tartichon.fr\/?s={search_term_string}"},"query-input":"required name=search_term_string"}],"inLanguage":"fr-FR"},{"@type":"Organization","@id":"https:\/\/tartichon.fr\/#organization","name":"Tartichon","url":"https:\/\/tartichon.fr\/","logo":{"@type":"ImageObject","inLanguage":"fr-FR","@id":"https:\/\/tartichon.fr\/#\/schema\/logo\/image\/","url":"https:\/\/tartichon.fr\/wp-content\/uploads\/2018\/11\/Logofinal2SP.svg","contentUrl":"https:\/\/tartichon.fr\/wp-content\/uploads\/2018\/11\/Logofinal2SP.svg","caption":"Tartichon"},"image":{"@id":"https:\/\/tartichon.fr\/#\/schema\/logo\/image\/"}}]}},"_links":{"self":[{"href":"https:\/\/tartichon.fr\/index.php\/wp-json\/wp\/v2\/product\/1159"}],"collection":[{"href":"https:\/\/tartichon.fr\/index.php\/wp-json\/wp\/v2\/product"}],"about":[{"href":"https:\/\/tartichon.fr\/index.php\/wp-json\/wp\/v2\/types\/product"}],"replies":[{"embeddable":true,"href":"https:\/\/tartichon.fr\/index.php\/wp-json\/wp\/v2\/comments?post=1159"}],"wp:featuredmedia":[{"embeddable":true,"href":"https:\/\/tartichon.fr\/index.php\/wp-json\/wp\/v2\/media\/1138"}],"wp:attachment":[{"href":"https:\/\/tartichon.fr\/index.php\/wp-json\/wp\/v2\/media?parent=1159"}],"wp:term":[{"taxonomy":"product_cat","embeddable":true,"href":"https:\/\/tartichon.fr\/index.php\/wp-json\/wp\/v2\/product_cat?post=1159"},{"taxonomy":"product_tag","embeddable":true,"href":"https:\/\/tartichon.fr\/index.php\/wp-json\/wp\/v2\/product_tag?post=1159"}],"curies":[{"name":"wp","href":"https:\/\/api.w.org\/{rel}","templated":true}]}}