{"id":749,"date":"2020-06-11T17:55:51","date_gmt":"2020-06-11T15:55:51","guid":{"rendered":"https:\/\/tartichon.fr\/?post_type=product&#038;p=749"},"modified":"2021-02-06T16:27:01","modified_gmt":"2021-02-06T15:27:01","slug":"fichier-chat-allonge-en-papercraft","status":"publish","type":"product","link":"https:\/\/tartichon.fr\/index.php\/produit\/fichier-chat-allonge-en-papercraft\/","title":{"rendered":"Fichier Chat allong\u00e9 en papercraft"},"content":{"rendered":"<p>Cet article est un lien pour un patron (PDF) envoy\u00e9 par mail. <\/p>\n<p>Construisez une silhouette de chat gr\u00e2ce \u00e0 ce PDF. Suivez les instructions et affichez ou offrez fi\u00e8rement votre r\u00e9alisation ! <\/p>\n<p> ****** Marche \u00e0 suivre ******<\/p>\n<p>* D\u00e8s que votre achat sera confirm\u00e9, un mail avec un lien de t\u00e9l\u00e9chargement vous sera envoy\u00e9. Ce fichier contient le patron (document PDF qui peut \u00eatre imprim\u00e9 au format A3 ou A4) et un fichier avec les instructions compl\u00e8tes en Fran\u00e7ais pour assembler la sculpture. Le lien ne vous permet de t\u00e9l\u00e9charger le patron qu&rsquo;une seule fois et ne reste valable que 7 jours. T\u00e9l\u00e9chargez le rapidement ! Une fois t\u00e9l\u00e9charg\u00e9 sur votre ordinateur, il n&rsquo;y a plus de limite de temps !<br \/>\nAttention : Ce fichier est une propri\u00e9t\u00e9 de Tartichon, il est interdit de le diffuser gratuitement sur des forums de papercraft. <\/p>\n<p>* Imprimez le patron ! Le papier doit avoir un grammage de minimum 200 gr\/m\u00b2. <\/p>\n<p>* Une fois le patron imprim\u00e9 ! Il vous suffit de rassembler les outils suivants: une paire de ciseaux, une r\u00e8gle, de la colle blanche ( ou de la colle a bois  appliquer avec un pinceau &#8230;) et un outil pour marquer les plis (un vieux stylo qui ne fonctionne plus, une pointe de cutter ou m\u00eame un petit couteau). <\/p>\n<p>* D\u00e9couper ensuite les pi\u00e8ces, faire les plis et coller les pi\u00e8ces entre elles gr\u00e2ce aux num\u00e9ros sur chacune d&rsquo;entre elles. ( astuce : laissez le pdf ouvert et gr\u00e2ce  CTRL+F faites une recherche des num\u00e9ros correspondants)<\/p>\n<p>* Une fois termin\u00e9e, personnalisez selon vos envies ! Papier d\u00e9copatch, peinture &#8230;<\/p>\n<p>* Niveau de difficult\u00e9 de ce patron : Facile <\/p>\n<p>* Taille approximative : 44 cm de longueur sur 16 cm de hauteur <\/p>\n","protected":false},"excerpt":{"rendered":"<p>Fichier pour r\u00e9aliser soi m\u00eame un Chat en papier d&rsquo;une taille de 44 cm de Longueur sur 16 cm de hauteur. <\/p>\n<p>Difficult\u00e9 : facile<\/p>\n<p>Nombre de feuille \u00e0 imprimer : 10 pour le fichier du Chat et 2 feuilles de tutoriel<\/p>\n","protected":false},"featured_media":751,"comment_status":"closed","ping_status":"closed","template":"","meta":{"inline_featured_image":false},"product_cat":[111],"product_tag":[121,107,115],"yoast_head":"<!-- This site is optimized with the Yoast SEO plugin v22.2 - https:\/\/yoast.com\/wordpress\/plugins\/seo\/ -->\n<title>Fichier Chat allong\u00e9 en papercraft - Tartichon<\/title>\n<meta name=\"robots\" content=\"index, follow, max-snippet:-1, max-image-preview:large, max-video-preview:-1\" \/>\n<link rel=\"canonical\" href=\"https:\/\/tartichon.fr\/index.php\/produit\/fichier-chat-allonge-en-papercraft\/\" \/>\n<meta property=\"og:locale\" content=\"fr_FR\" \/>\n<meta property=\"og:type\" content=\"article\" \/>\n<meta property=\"og:title\" content=\"Fichier Chat allong\u00e9 en papercraft - Tartichon\" \/>\n<meta property=\"og:description\" content=\"Fichier pour r\u00e9aliser soi m\u00eame un Chat en papier d&#039;une taille de 44 cm de Longueur sur 16 cm de hauteur.   Difficult\u00e9 : facile  Nombre de feuille \u00e0 imprimer : 10 pour le fichier du Chat et 2 feuilles de tutoriel\" \/>\n<meta property=\"og:url\" content=\"https:\/\/tartichon.fr\/index.php\/produit\/fichier-chat-allonge-en-papercraft\/\" \/>\n<meta property=\"og:site_name\" content=\"Tartichon\" \/>\n<meta property=\"article:modified_time\" content=\"2021-02-06T15:27:01+00:00\" \/>\n<meta property=\"og:image\" content=\"https:\/\/tartichon.fr\/wp-content\/uploads\/2020\/06\/Chat-allong\u00e9.jpg\" \/>\n\t<meta property=\"og:image:width\" content=\"954\" \/>\n\t<meta property=\"og:image:height\" content=\"561\" \/>\n\t<meta property=\"og:image:type\" content=\"image\/jpeg\" \/>\n<meta name=\"twitter:card\" content=\"summary_large_image\" \/>\n<meta name=\"twitter:label1\" content=\"Dur\u00e9e de lecture estim\u00e9e\" \/>\n\t<meta name=\"twitter:data1\" content=\"1 minute\" \/>\n<script type=\"application\/ld+json\" class=\"yoast-schema-graph\">{\"@context\":\"https:\/\/schema.org\",\"@graph\":[{\"@type\":\"WebPage\",\"@id\":\"https:\/\/tartichon.fr\/index.php\/produit\/fichier-chat-allonge-en-papercraft\/\",\"url\":\"https:\/\/tartichon.fr\/index.php\/produit\/fichier-chat-allonge-en-papercraft\/\",\"name\":\"Fichier Chat allong\u00e9 en papercraft - Tartichon\",\"isPartOf\":{\"@id\":\"https:\/\/tartichon.fr\/#website\"},\"primaryImageOfPage\":{\"@id\":\"https:\/\/tartichon.fr\/index.php\/produit\/fichier-chat-allonge-en-papercraft\/#primaryimage\"},\"image\":{\"@id\":\"https:\/\/tartichon.fr\/index.php\/produit\/fichier-chat-allonge-en-papercraft\/#primaryimage\"},\"thumbnailUrl\":\"https:\/\/tartichon.fr\/wp-content\/uploads\/2020\/06\/Chat-allong\u00e9.jpg\",\"datePublished\":\"2020-06-11T15:55:51+00:00\",\"dateModified\":\"2021-02-06T15:27:01+00:00\",\"breadcrumb\":{\"@id\":\"https:\/\/tartichon.fr\/index.php\/produit\/fichier-chat-allonge-en-papercraft\/#breadcrumb\"},\"inLanguage\":\"fr-FR\",\"potentialAction\":[{\"@type\":\"ReadAction\",\"target\":[\"https:\/\/tartichon.fr\/index.php\/produit\/fichier-chat-allonge-en-papercraft\/\"]}]},{\"@type\":\"ImageObject\",\"inLanguage\":\"fr-FR\",\"@id\":\"https:\/\/tartichon.fr\/index.php\/produit\/fichier-chat-allonge-en-papercraft\/#primaryimage\",\"url\":\"https:\/\/tartichon.fr\/wp-content\/uploads\/2020\/06\/Chat-allong\u00e9.jpg\",\"contentUrl\":\"https:\/\/tartichon.fr\/wp-content\/uploads\/2020\/06\/Chat-allong\u00e9.jpg\",\"width\":954,\"height\":561},{\"@type\":\"BreadcrumbList\",\"@id\":\"https:\/\/tartichon.fr\/index.php\/produit\/fichier-chat-allonge-en-papercraft\/#breadcrumb\",\"itemListElement\":[{\"@type\":\"ListItem\",\"position\":1,\"name\":\"Accueil\",\"item\":\"https:\/\/tartichon.fr\/\"},{\"@type\":\"ListItem\",\"position\":2,\"name\":\"Boutique\",\"item\":\"https:\/\/tartichon.fr\/index.php\/boutique\/\"},{\"@type\":\"ListItem\",\"position\":3,\"name\":\"Fichier Chat allong\u00e9 en papercraft\"}]},{\"@type\":\"WebSite\",\"@id\":\"https:\/\/tartichon.fr\/#website\",\"url\":\"https:\/\/tartichon.fr\/\",\"name\":\"Tartichon\",\"description\":\"Bijoux et Objets de d\u00e9coration\",\"publisher\":{\"@id\":\"https:\/\/tartichon.fr\/#organization\"},\"potentialAction\":[{\"@type\":\"SearchAction\",\"target\":{\"@type\":\"EntryPoint\",\"urlTemplate\":\"https:\/\/tartichon.fr\/?s={search_term_string}\"},\"query-input\":\"required name=search_term_string\"}],\"inLanguage\":\"fr-FR\"},{\"@type\":\"Organization\",\"@id\":\"https:\/\/tartichon.fr\/#organization\",\"name\":\"Tartichon\",\"url\":\"https:\/\/tartichon.fr\/\",\"logo\":{\"@type\":\"ImageObject\",\"inLanguage\":\"fr-FR\",\"@id\":\"https:\/\/tartichon.fr\/#\/schema\/logo\/image\/\",\"url\":\"https:\/\/tartichon.fr\/wp-content\/uploads\/2018\/11\/Logofinal2SP.svg\",\"contentUrl\":\"https:\/\/tartichon.fr\/wp-content\/uploads\/2018\/11\/Logofinal2SP.svg\",\"caption\":\"Tartichon\"},\"image\":{\"@id\":\"https:\/\/tartichon.fr\/#\/schema\/logo\/image\/\"}}]}<\/script>\n<!-- \/ Yoast SEO plugin. -->","yoast_head_json":{"title":"Fichier Chat allong\u00e9 en papercraft - Tartichon","robots":{"index":"index","follow":"follow","max-snippet":"max-snippet:-1","max-image-preview":"max-image-preview:large","max-video-preview":"max-video-preview:-1"},"canonical":"https:\/\/tartichon.fr\/index.php\/produit\/fichier-chat-allonge-en-papercraft\/","og_locale":"fr_FR","og_type":"article","og_title":"Fichier Chat allong\u00e9 en papercraft - Tartichon","og_description":"Fichier pour r\u00e9aliser soi m\u00eame un Chat en papier d'une taille de 44 cm de Longueur sur 16 cm de hauteur.   Difficult\u00e9 : facile  Nombre de feuille \u00e0 imprimer : 10 pour le fichier du Chat et 2 feuilles de tutoriel","og_url":"https:\/\/tartichon.fr\/index.php\/produit\/fichier-chat-allonge-en-papercraft\/","og_site_name":"Tartichon","article_modified_time":"2021-02-06T15:27:01+00:00","og_image":[{"width":954,"height":561,"url":"https:\/\/tartichon.fr\/wp-content\/uploads\/2020\/06\/Chat-allong\u00e9.jpg","type":"image\/jpeg"}],"twitter_card":"summary_large_image","twitter_misc":{"Dur\u00e9e de lecture estim\u00e9e":"1 minute"},"schema":{"@context":"https:\/\/schema.org","@graph":[{"@type":"WebPage","@id":"https:\/\/tartichon.fr\/index.php\/produit\/fichier-chat-allonge-en-papercraft\/","url":"https:\/\/tartichon.fr\/index.php\/produit\/fichier-chat-allonge-en-papercraft\/","name":"Fichier Chat allong\u00e9 en papercraft - Tartichon","isPartOf":{"@id":"https:\/\/tartichon.fr\/#website"},"primaryImageOfPage":{"@id":"https:\/\/tartichon.fr\/index.php\/produit\/fichier-chat-allonge-en-papercraft\/#primaryimage"},"image":{"@id":"https:\/\/tartichon.fr\/index.php\/produit\/fichier-chat-allonge-en-papercraft\/#primaryimage"},"thumbnailUrl":"https:\/\/tartichon.fr\/wp-content\/uploads\/2020\/06\/Chat-allong\u00e9.jpg","datePublished":"2020-06-11T15:55:51+00:00","dateModified":"2021-02-06T15:27:01+00:00","breadcrumb":{"@id":"https:\/\/tartichon.fr\/index.php\/produit\/fichier-chat-allonge-en-papercraft\/#breadcrumb"},"inLanguage":"fr-FR","potentialAction":[{"@type":"ReadAction","target":["https:\/\/tartichon.fr\/index.php\/produit\/fichier-chat-allonge-en-papercraft\/"]}]},{"@type":"ImageObject","inLanguage":"fr-FR","@id":"https:\/\/tartichon.fr\/index.php\/produit\/fichier-chat-allonge-en-papercraft\/#primaryimage","url":"https:\/\/tartichon.fr\/wp-content\/uploads\/2020\/06\/Chat-allong\u00e9.jpg","contentUrl":"https:\/\/tartichon.fr\/wp-content\/uploads\/2020\/06\/Chat-allong\u00e9.jpg","width":954,"height":561},{"@type":"BreadcrumbList","@id":"https:\/\/tartichon.fr\/index.php\/produit\/fichier-chat-allonge-en-papercraft\/#breadcrumb","itemListElement":[{"@type":"ListItem","position":1,"name":"Accueil","item":"https:\/\/tartichon.fr\/"},{"@type":"ListItem","position":2,"name":"Boutique","item":"https:\/\/tartichon.fr\/index.php\/boutique\/"},{"@type":"ListItem","position":3,"name":"Fichier Chat allong\u00e9 en papercraft"}]},{"@type":"WebSite","@id":"https:\/\/tartichon.fr\/#website","url":"https:\/\/tartichon.fr\/","name":"Tartichon","description":"Bijoux et Objets de d\u00e9coration","publisher":{"@id":"https:\/\/tartichon.fr\/#organization"},"potentialAction":[{"@type":"SearchAction","target":{"@type":"EntryPoint","urlTemplate":"https:\/\/tartichon.fr\/?s={search_term_string}"},"query-input":"required name=search_term_string"}],"inLanguage":"fr-FR"},{"@type":"Organization","@id":"https:\/\/tartichon.fr\/#organization","name":"Tartichon","url":"https:\/\/tartichon.fr\/","logo":{"@type":"ImageObject","inLanguage":"fr-FR","@id":"https:\/\/tartichon.fr\/#\/schema\/logo\/image\/","url":"https:\/\/tartichon.fr\/wp-content\/uploads\/2018\/11\/Logofinal2SP.svg","contentUrl":"https:\/\/tartichon.fr\/wp-content\/uploads\/2018\/11\/Logofinal2SP.svg","caption":"Tartichon"},"image":{"@id":"https:\/\/tartichon.fr\/#\/schema\/logo\/image\/"}}]}},"_links":{"self":[{"href":"https:\/\/tartichon.fr\/index.php\/wp-json\/wp\/v2\/product\/749"}],"collection":[{"href":"https:\/\/tartichon.fr\/index.php\/wp-json\/wp\/v2\/product"}],"about":[{"href":"https:\/\/tartichon.fr\/index.php\/wp-json\/wp\/v2\/types\/product"}],"replies":[{"embeddable":true,"href":"https:\/\/tartichon.fr\/index.php\/wp-json\/wp\/v2\/comments?post=749"}],"wp:featuredmedia":[{"embeddable":true,"href":"https:\/\/tartichon.fr\/index.php\/wp-json\/wp\/v2\/media\/751"}],"wp:attachment":[{"href":"https:\/\/tartichon.fr\/index.php\/wp-json\/wp\/v2\/media?parent=749"}],"wp:term":[{"taxonomy":"product_cat","embeddable":true,"href":"https:\/\/tartichon.fr\/index.php\/wp-json\/wp\/v2\/product_cat?post=749"},{"taxonomy":"product_tag","embeddable":true,"href":"https:\/\/tartichon.fr\/index.php\/wp-json\/wp\/v2\/product_tag?post=749"}],"curies":[{"name":"wp","href":"https:\/\/api.w.org\/{rel}","templated":true}]}}