{"id":791,"date":"2021-02-06T11:53:14","date_gmt":"2021-02-06T10:53:14","guid":{"rendered":"https:\/\/tartichon.fr\/?post_type=product&#038;p=791"},"modified":"2021-02-06T18:56:30","modified_gmt":"2021-02-06T17:56:30","slug":"papercraft-femme-allongee","status":"publish","type":"product","link":"https:\/\/tartichon.fr\/index.php\/produit\/papercraft-femme-allongee\/","title":{"rendered":"Papercraft femme allong\u00e9e"},"content":{"rendered":"<p>Cet article est un lien pour un patron (PDF) envoy\u00e9 par mail. <\/p>\n<p>Construisez une silhouette de femme gr\u00e2ce \u00e0 ce PDF. Suivez les instructions et affichez ou offrez fi\u00e8rement votre r\u00e9alisation ! <\/p>\n<p> ****** Marche \u00e0 suivre ******<\/p>\n<p>* D\u00e8s que votre achat sera confirm\u00e9, un mail avec un lien de t\u00e9l\u00e9chargement vous sera envoy\u00e9. Ce fichier contient le patron (document PDF qui peut \u00eatre imprim\u00e9 au format A3 ou A4) et un fichier avec les instructions compl\u00e8tes en Fran\u00e7ais pour assembler la sculpture. Le lien ne vous permet de t\u00e9l\u00e9charger le patron qu&rsquo;une seule fois et ne reste valable que 7 jours. T\u00e9l\u00e9chargez le rapidement ! Une fois t\u00e9l\u00e9charg\u00e9 sur votre ordinateur, il n&rsquo;y a plus de limite de temps !<br \/>\nAttention : Ce fichier est une propri\u00e9t\u00e9 de Tartichon, il est interdit de le diffuser gratuitement sur des forums de papercraft. <\/p>\n<p>* Imprimez le patron ! Le papier doit avoir un grammage de minimum 200 gr\/m\u00b2. <\/p>\n<p>* Une fois le patron imprim\u00e9 ! Il vous suffit de rassembler les outils suivants: une paire de ciseaux, une r\u00e8gle, de la colle blanche ( ou de la colle a bois  appliquer avec un pinceau &#8230;) et un outil pour marquer les plis (un vieux stylo qui ne fonctionne plus, une pointe de cutter ou m\u00eame un petit couteau). <\/p>\n<p>* D\u00e9couper ensuite les pi\u00e8ces, faire les plis et coller les pi\u00e8ces entre elles gr\u00e2ce aux num\u00e9ros sur chacune d&rsquo;entre elles. ( astuce : laissez le pdf ouvert et gr\u00e2ce  CTRL+F faites une recherche des num\u00e9ros correspondants)<\/p>\n<p>* Une fois termin\u00e9e, personnalisez selon vos envies ! Papier d\u00e9copatch, peinture &#8230;<\/p>\n<p>* Niveau de difficult\u00e9 de ce patron : Moyen \u2013 Ce mod\u00e8le n\u00e9cessite une habitude du papercraft, li\u00e9 notamment aux  petites pi\u00e8ces qui composent les mains <\/p>\n<p>* Taille approximative : 35 cm de large, 21,7 cm de profondeur et 19,4  cm de hauteur.<\/p>\n","protected":false},"excerpt":{"rendered":"<p>Fichier pour r\u00e9aliser une silhouette de femme en Papercraft. Niveau de difficult\u00e9 : Moyen<br \/>\nDimension 35 cm de large, 21,7 cm de profondeur et 19,4  cm de hauteur.<br \/>\nFichier organis\u00e9 par partie de corps.<br \/>\nNombre de feuilles \u00e0 imprimer : 7 pour le patron, 2 pour les instructions<\/p>\n","protected":false},"featured_media":792,"comment_status":"closed","ping_status":"closed","template":"","meta":{"inline_featured_image":false},"product_cat":[111],"product_tag":[127,57,130,115,128,129],"yoast_head":"<!-- This site is optimized with the Yoast SEO plugin v22.2 - https:\/\/yoast.com\/wordpress\/plugins\/seo\/ -->\n<title>Papercraft femme allong\u00e9e - Tartichon<\/title>\n<meta name=\"robots\" content=\"index, follow, max-snippet:-1, max-image-preview:large, max-video-preview:-1\" \/>\n<link rel=\"canonical\" href=\"https:\/\/tartichon.fr\/index.php\/produit\/papercraft-femme-allongee\/\" \/>\n<meta property=\"og:locale\" content=\"fr_FR\" \/>\n<meta property=\"og:type\" content=\"article\" \/>\n<meta property=\"og:title\" content=\"Papercraft femme allong\u00e9e - Tartichon\" \/>\n<meta property=\"og:description\" content=\"Fichier pour r\u00e9aliser une silhouette de femme en Papercraft. Niveau de difficult\u00e9 : Moyen Dimension 35 cm de large, 21,7 cm de profondeur et 19,4 cm de hauteur. Fichier organis\u00e9 par partie de corps. Nombre de feuilles \u00e0 imprimer : 7 pour le patron, 2 pour les instructions\" \/>\n<meta property=\"og:url\" content=\"https:\/\/tartichon.fr\/index.php\/produit\/papercraft-femme-allongee\/\" \/>\n<meta property=\"og:site_name\" content=\"Tartichon\" \/>\n<meta property=\"article:modified_time\" content=\"2021-02-06T17:56:30+00:00\" \/>\n<meta property=\"og:image\" content=\"https:\/\/tartichon.fr\/wp-content\/uploads\/2021\/02\/20210205_142353-scaled.jpg\" \/>\n\t<meta property=\"og:image:width\" content=\"2560\" \/>\n\t<meta property=\"og:image:height\" content=\"1440\" \/>\n\t<meta property=\"og:image:type\" content=\"image\/jpeg\" \/>\n<meta name=\"twitter:card\" content=\"summary_large_image\" \/>\n<meta name=\"twitter:label1\" content=\"Dur\u00e9e de lecture estim\u00e9e\" \/>\n\t<meta name=\"twitter:data1\" content=\"2 minutes\" \/>\n<script type=\"application\/ld+json\" class=\"yoast-schema-graph\">{\"@context\":\"https:\/\/schema.org\",\"@graph\":[{\"@type\":\"WebPage\",\"@id\":\"https:\/\/tartichon.fr\/index.php\/produit\/papercraft-femme-allongee\/\",\"url\":\"https:\/\/tartichon.fr\/index.php\/produit\/papercraft-femme-allongee\/\",\"name\":\"Papercraft femme allong\u00e9e - Tartichon\",\"isPartOf\":{\"@id\":\"https:\/\/tartichon.fr\/#website\"},\"primaryImageOfPage\":{\"@id\":\"https:\/\/tartichon.fr\/index.php\/produit\/papercraft-femme-allongee\/#primaryimage\"},\"image\":{\"@id\":\"https:\/\/tartichon.fr\/index.php\/produit\/papercraft-femme-allongee\/#primaryimage\"},\"thumbnailUrl\":\"https:\/\/tartichon.fr\/wp-content\/uploads\/2021\/02\/20210205_142353-scaled.jpg\",\"datePublished\":\"2021-02-06T10:53:14+00:00\",\"dateModified\":\"2021-02-06T17:56:30+00:00\",\"breadcrumb\":{\"@id\":\"https:\/\/tartichon.fr\/index.php\/produit\/papercraft-femme-allongee\/#breadcrumb\"},\"inLanguage\":\"fr-FR\",\"potentialAction\":[{\"@type\":\"ReadAction\",\"target\":[\"https:\/\/tartichon.fr\/index.php\/produit\/papercraft-femme-allongee\/\"]}]},{\"@type\":\"ImageObject\",\"inLanguage\":\"fr-FR\",\"@id\":\"https:\/\/tartichon.fr\/index.php\/produit\/papercraft-femme-allongee\/#primaryimage\",\"url\":\"https:\/\/tartichon.fr\/wp-content\/uploads\/2021\/02\/20210205_142353-scaled.jpg\",\"contentUrl\":\"https:\/\/tartichon.fr\/wp-content\/uploads\/2021\/02\/20210205_142353-scaled.jpg\",\"width\":2560,\"height\":1440},{\"@type\":\"BreadcrumbList\",\"@id\":\"https:\/\/tartichon.fr\/index.php\/produit\/papercraft-femme-allongee\/#breadcrumb\",\"itemListElement\":[{\"@type\":\"ListItem\",\"position\":1,\"name\":\"Accueil\",\"item\":\"https:\/\/tartichon.fr\/\"},{\"@type\":\"ListItem\",\"position\":2,\"name\":\"Boutique\",\"item\":\"https:\/\/tartichon.fr\/index.php\/boutique\/\"},{\"@type\":\"ListItem\",\"position\":3,\"name\":\"Papercraft femme allong\u00e9e\"}]},{\"@type\":\"WebSite\",\"@id\":\"https:\/\/tartichon.fr\/#website\",\"url\":\"https:\/\/tartichon.fr\/\",\"name\":\"Tartichon\",\"description\":\"Bijoux et Objets de d\u00e9coration\",\"publisher\":{\"@id\":\"https:\/\/tartichon.fr\/#organization\"},\"potentialAction\":[{\"@type\":\"SearchAction\",\"target\":{\"@type\":\"EntryPoint\",\"urlTemplate\":\"https:\/\/tartichon.fr\/?s={search_term_string}\"},\"query-input\":\"required name=search_term_string\"}],\"inLanguage\":\"fr-FR\"},{\"@type\":\"Organization\",\"@id\":\"https:\/\/tartichon.fr\/#organization\",\"name\":\"Tartichon\",\"url\":\"https:\/\/tartichon.fr\/\",\"logo\":{\"@type\":\"ImageObject\",\"inLanguage\":\"fr-FR\",\"@id\":\"https:\/\/tartichon.fr\/#\/schema\/logo\/image\/\",\"url\":\"https:\/\/tartichon.fr\/wp-content\/uploads\/2018\/11\/Logofinal2SP.svg\",\"contentUrl\":\"https:\/\/tartichon.fr\/wp-content\/uploads\/2018\/11\/Logofinal2SP.svg\",\"caption\":\"Tartichon\"},\"image\":{\"@id\":\"https:\/\/tartichon.fr\/#\/schema\/logo\/image\/\"}}]}<\/script>\n<!-- \/ Yoast SEO plugin. -->","yoast_head_json":{"title":"Papercraft femme allong\u00e9e - Tartichon","robots":{"index":"index","follow":"follow","max-snippet":"max-snippet:-1","max-image-preview":"max-image-preview:large","max-video-preview":"max-video-preview:-1"},"canonical":"https:\/\/tartichon.fr\/index.php\/produit\/papercraft-femme-allongee\/","og_locale":"fr_FR","og_type":"article","og_title":"Papercraft femme allong\u00e9e - Tartichon","og_description":"Fichier pour r\u00e9aliser une silhouette de femme en Papercraft. Niveau de difficult\u00e9 : Moyen Dimension 35 cm de large, 21,7 cm de profondeur et 19,4 cm de hauteur. Fichier organis\u00e9 par partie de corps. Nombre de feuilles \u00e0 imprimer : 7 pour le patron, 2 pour les instructions","og_url":"https:\/\/tartichon.fr\/index.php\/produit\/papercraft-femme-allongee\/","og_site_name":"Tartichon","article_modified_time":"2021-02-06T17:56:30+00:00","og_image":[{"width":2560,"height":1440,"url":"https:\/\/tartichon.fr\/wp-content\/uploads\/2021\/02\/20210205_142353-scaled.jpg","type":"image\/jpeg"}],"twitter_card":"summary_large_image","twitter_misc":{"Dur\u00e9e de lecture estim\u00e9e":"2 minutes"},"schema":{"@context":"https:\/\/schema.org","@graph":[{"@type":"WebPage","@id":"https:\/\/tartichon.fr\/index.php\/produit\/papercraft-femme-allongee\/","url":"https:\/\/tartichon.fr\/index.php\/produit\/papercraft-femme-allongee\/","name":"Papercraft femme allong\u00e9e - Tartichon","isPartOf":{"@id":"https:\/\/tartichon.fr\/#website"},"primaryImageOfPage":{"@id":"https:\/\/tartichon.fr\/index.php\/produit\/papercraft-femme-allongee\/#primaryimage"},"image":{"@id":"https:\/\/tartichon.fr\/index.php\/produit\/papercraft-femme-allongee\/#primaryimage"},"thumbnailUrl":"https:\/\/tartichon.fr\/wp-content\/uploads\/2021\/02\/20210205_142353-scaled.jpg","datePublished":"2021-02-06T10:53:14+00:00","dateModified":"2021-02-06T17:56:30+00:00","breadcrumb":{"@id":"https:\/\/tartichon.fr\/index.php\/produit\/papercraft-femme-allongee\/#breadcrumb"},"inLanguage":"fr-FR","potentialAction":[{"@type":"ReadAction","target":["https:\/\/tartichon.fr\/index.php\/produit\/papercraft-femme-allongee\/"]}]},{"@type":"ImageObject","inLanguage":"fr-FR","@id":"https:\/\/tartichon.fr\/index.php\/produit\/papercraft-femme-allongee\/#primaryimage","url":"https:\/\/tartichon.fr\/wp-content\/uploads\/2021\/02\/20210205_142353-scaled.jpg","contentUrl":"https:\/\/tartichon.fr\/wp-content\/uploads\/2021\/02\/20210205_142353-scaled.jpg","width":2560,"height":1440},{"@type":"BreadcrumbList","@id":"https:\/\/tartichon.fr\/index.php\/produit\/papercraft-femme-allongee\/#breadcrumb","itemListElement":[{"@type":"ListItem","position":1,"name":"Accueil","item":"https:\/\/tartichon.fr\/"},{"@type":"ListItem","position":2,"name":"Boutique","item":"https:\/\/tartichon.fr\/index.php\/boutique\/"},{"@type":"ListItem","position":3,"name":"Papercraft femme allong\u00e9e"}]},{"@type":"WebSite","@id":"https:\/\/tartichon.fr\/#website","url":"https:\/\/tartichon.fr\/","name":"Tartichon","description":"Bijoux et Objets de d\u00e9coration","publisher":{"@id":"https:\/\/tartichon.fr\/#organization"},"potentialAction":[{"@type":"SearchAction","target":{"@type":"EntryPoint","urlTemplate":"https:\/\/tartichon.fr\/?s={search_term_string}"},"query-input":"required name=search_term_string"}],"inLanguage":"fr-FR"},{"@type":"Organization","@id":"https:\/\/tartichon.fr\/#organization","name":"Tartichon","url":"https:\/\/tartichon.fr\/","logo":{"@type":"ImageObject","inLanguage":"fr-FR","@id":"https:\/\/tartichon.fr\/#\/schema\/logo\/image\/","url":"https:\/\/tartichon.fr\/wp-content\/uploads\/2018\/11\/Logofinal2SP.svg","contentUrl":"https:\/\/tartichon.fr\/wp-content\/uploads\/2018\/11\/Logofinal2SP.svg","caption":"Tartichon"},"image":{"@id":"https:\/\/tartichon.fr\/#\/schema\/logo\/image\/"}}]}},"_links":{"self":[{"href":"https:\/\/tartichon.fr\/index.php\/wp-json\/wp\/v2\/product\/791"}],"collection":[{"href":"https:\/\/tartichon.fr\/index.php\/wp-json\/wp\/v2\/product"}],"about":[{"href":"https:\/\/tartichon.fr\/index.php\/wp-json\/wp\/v2\/types\/product"}],"replies":[{"embeddable":true,"href":"https:\/\/tartichon.fr\/index.php\/wp-json\/wp\/v2\/comments?post=791"}],"wp:featuredmedia":[{"embeddable":true,"href":"https:\/\/tartichon.fr\/index.php\/wp-json\/wp\/v2\/media\/792"}],"wp:attachment":[{"href":"https:\/\/tartichon.fr\/index.php\/wp-json\/wp\/v2\/media?parent=791"}],"wp:term":[{"taxonomy":"product_cat","embeddable":true,"href":"https:\/\/tartichon.fr\/index.php\/wp-json\/wp\/v2\/product_cat?post=791"},{"taxonomy":"product_tag","embeddable":true,"href":"https:\/\/tartichon.fr\/index.php\/wp-json\/wp\/v2\/product_tag?post=791"}],"curies":[{"name":"wp","href":"https:\/\/api.w.org\/{rel}","templated":true}]}}